{"id":787,"date":"2022-11-23T09:45:46","date_gmt":"2022-11-23T09:45:46","guid":{"rendered":"https:\/\/travel-plus.al\/?post_type=product&#038;p=787"},"modified":"2022-11-23T09:51:10","modified_gmt":"2022-11-23T09:51:10","slug":"krishtlindje-ne-athine-patra-pireu","status":"publish","type":"product","link":"https:\/\/travel-plus.al\/index.php\/tours\/krishtlindje-ne-athine-patra-pireu\/","title":{"rendered":"KRISHTLINDJE NE ATHINE \u2013 PATRA \u2013 PIREU"},"content":{"rendered":"<table class=\"table table-bordered tours-tabs__table\" style=\"width: 117.271%; height: 362px;\" width=\"862\">\n<tbody>\n<tr style=\"height: 24px;\">\n<td style=\"height: 24px; width: 21.5935%;\"><strong>Nisja<\/strong><\/td>\n<td style=\"height: 24px; width: 77.4827%;\">\u00a0Tirane<\/td>\n<\/tr>\n<tr style=\"height: 24px;\">\n<td style=\"height: 24px; width: 21.5935%;\"><strong>Data e Nisjes<\/strong><\/td>\n<td style=\"height: 24px; width: 77.4827%;\">24 Dhjetor<\/td>\n<\/tr>\n<tr style=\"height: 24px;\">\n<td style=\"height: 24px; width: 21.5935%;\"><strong>Dite qendrimi<\/strong><\/td>\n<td style=\"height: 24px; width: 77.4827%;\">4 Dite<\/td>\n<\/tr>\n<tr style=\"height: 24px;\">\n<td style=\"height: 24px; width: 21.5935%;\"><strong>\u00c7mimi<\/strong><\/td>\n<td style=\"height: 24px; width: 77.4827%;\">\u00a0169 \u20ac<\/td>\n<\/tr>\n<tr style=\"height: 160px;\">\n<td style=\"height: 160px; width: 21.5935%;\"><strong>P\u00cbRFSHIHEN<\/strong><\/td>\n<td style=\"height: 160px; width: 77.4827%;\">1) Transporti sipas programi me autobus \/ minibus turistik<br \/>\n2) Akomodimi per 3 ne hotel 4 Yje ne Athine<br \/>\n3) Mengjeset gjate qendrimit ne hotel<br \/>\n4) Guida (Shoqeruesi) gjate diteve te udhetimit.<\/td>\n<\/tr>\n<tr style=\"height: 106px;\">\n<td style=\"height: 106px; width: 21.5935%;\"><b>NUK PERFSHIHEN<\/b><\/td>\n<td style=\"height: 106px; width: 77.4827%;\">1. Gjithshka q\u00eb nuk \u00ebsht\u00eb p\u00ebrmendur n\u00eb k\u00ebt\u00eb program.<br \/>\n2. Hyrjet n\u00eb monumente dhe muzeume.<\/td>\n<\/tr>\n<\/tbody>\n<\/table>\n<p>&nbsp;<\/p>\n","protected":false},"excerpt":{"rendered":"<p>Nisja \u00a0Tirane Data e Nisjes 24 Dhjetor Dite qendrimi 4 Dite \u00c7mimi \u00a0169 \u20ac P\u00cbRFSHIHEN 1) Transporti sipas programi me autobus \/ minibus turistik 2) Akomodimi per 3 ne hotel 4 Yje ne Athine 3) Mengjeset gjate qendrimit ne hotel 4) Guida (Shoqeruesi) gjate diteve te udhetimit. NUK PERFSHIHEN 1. Gjithshka q\u00eb nuk \u00ebsht\u00eb p\u00ebrmendur<\/p>\n<div class=\"padding-top text-center\"><a href=\"https:\/\/travel-plus.al\/index.php\/tours\/krishtlindje-ne-athine-patra-pireu\/\" class=\"atbtn atbtn--medium atbtn--rounded atbtn--transparent\">Read more<i class=\"atbtn__icon atbtn__icon--right fa fa-long-arrow-right\"><\/i><\/a><\/div>\n","protected":false},"featured_media":788,"template":"","meta":[],"product_brand":[],"product_cat":[15],"product_tag":[],"class_list":{"0":"post-787","1":"product","2":"type-product","3":"status-publish","4":"has-post-thumbnail","6":"product_cat-uncategorized","7":"tour_category-athine","8":"tour_category-fjetje-dhe-mengjes","9":"tour_category-greqi","10":"tour_category-krishtlindje","11":"tour_category-paketa-kulturore","12":"tour_category-udhetim","14":"first","15":"instock","16":"shipping-taxable","17":"purchasable","18":"product-type-tour"},"_links":{"self":[{"href":"https:\/\/travel-plus.al\/index.php\/wp-json\/wp\/v2\/product\/787","targetHints":{"allow":["GET"]}}],"collection":[{"href":"https:\/\/travel-plus.al\/index.php\/wp-json\/wp\/v2\/product"}],"about":[{"href":"https:\/\/travel-plus.al\/index.php\/wp-json\/wp\/v2\/types\/product"}],"wp:featuredmedia":[{"embeddable":true,"href":"https:\/\/travel-plus.al\/index.php\/wp-json\/wp\/v2\/media\/788"}],"wp:attachment":[{"href":"https:\/\/travel-plus.al\/index.php\/wp-json\/wp\/v2\/media?parent=787"}],"wp:term":[{"taxonomy":"product_brand","embeddable":true,"href":"https:\/\/travel-plus.al\/index.php\/wp-json\/wp\/v2\/product_brand?post=787"},{"taxonomy":"product_cat","embeddable":true,"href":"https:\/\/travel-plus.al\/index.php\/wp-json\/wp\/v2\/product_cat?post=787"},{"taxonomy":"product_tag","embeddable":true,"href":"https:\/\/travel-plus.al\/index.php\/wp-json\/wp\/v2\/product_tag?post=787"}],"curies":[{"name":"wp","href":"https:\/\/api.w.org\/{rel}","templated":true}]}}