{"id":782,"date":"2022-11-23T09:43:02","date_gmt":"2022-11-23T09:43:02","guid":{"rendered":"https:\/\/travel-plus.al\/?post_type=product&#038;p=782"},"modified":"2022-11-23T09:44:49","modified_gmt":"2022-11-23T09:44:49","slug":"viti-i-ri-all-inclusive-ne-ulqin","status":"publish","type":"product","link":"https:\/\/travel-plus.al\/index.php\/tours\/viti-i-ri-all-inclusive-ne-ulqin\/","title":{"rendered":"VITI I RI ALL INCLUSIVE N\u00cb ULQIN"},"content":{"rendered":"<table class=\"table table-bordered tours-tabs__table\" style=\"width: 117.271%; height: 362px;\" width=\"862\">\n<tbody>\n<tr style=\"height: 24px;\">\n<td style=\"height: 24px; width: 21.5935%;\"><strong>Nisja<\/strong><\/td>\n<td style=\"height: 24px; width: 77.4827%;\">\u00a0Tirane<\/td>\n<\/tr>\n<tr style=\"height: 24px;\">\n<td style=\"height: 24px; width: 21.5935%;\"><strong>Data e Nisjes<\/strong><\/td>\n<td style=\"height: 24px; width: 77.4827%;\">31 Dhjetor<\/td>\n<\/tr>\n<tr style=\"height: 24px;\">\n<td style=\"height: 24px; width: 21.5935%;\"><strong>Dite qendrimi<\/strong><\/td>\n<td style=\"height: 24px; width: 77.4827%;\">3 Dite<\/td>\n<\/tr>\n<tr style=\"height: 24px;\">\n<td style=\"height: 24px; width: 21.5935%;\"><strong>\u00c7mimi<\/strong><\/td>\n<td style=\"height: 24px; width: 77.4827%;\">\u00a0189 \u20ac<\/td>\n<\/tr>\n<tr style=\"height: 160px;\">\n<td style=\"height: 160px; width: 21.5935%;\"><strong>P\u00cbRFSHIHEN<\/strong><\/td>\n<td style=\"height: 160px; width: 77.4827%;\">\n<div>&#8211; Fjetje 2 dhe 3 Net,<\/div>\n<div>&#8211; All Inclusive ( M\u00ebngjese &#8211; Dreka &#8211; Darka dhe Pije pa kufizim gjat\u00eb gjith\u00eb q\u00ebndrimit)<\/div>\n<div>&#8211; Darka Speciale e Vitit t\u00eb Ri, Bufe, m\u00eb 31 Dhjetor dhe 1 Janar\u00a0me muzik\u00eb live dhe orkest\u00ebr, Pije t\u00eb p\u00ebrfshira.<\/div>\n<div>&#8211;\u00a0Darka e dat\u00ebs 30 Dhjetor\u00a0\u00ebsht\u00eb\u00a0pa muzike.\u00a0 Pije t\u00eb p\u00ebrfshira.<\/div>\n<div>&#8211; Pishin\u00eb e Brendshme me Ngrohje.<\/div>\n<\/td>\n<\/tr>\n<tr style=\"height: 106px;\">\n<td style=\"height: 106px; width: 21.5935%;\"><b>NUK PERFSHIHEN<\/b><\/td>\n<td style=\"height: 106px; width: 77.4827%;\">1. Gjithshka q\u00eb nuk \u00ebsht\u00eb p\u00ebrmendur n\u00eb k\u00ebt\u00eb program.<br \/>\n2. Hyrjet n\u00eb monumente dhe muzeume.<\/td>\n<\/tr>\n<\/tbody>\n<\/table>\n<p>&nbsp;<\/p>\n","protected":false},"excerpt":{"rendered":"<p>Nisja \u00a0Tirane Data e Nisjes 31 Dhjetor Dite qendrimi 3 Dite \u00c7mimi \u00a0189 \u20ac P\u00cbRFSHIHEN &#8211; Fjetje 2 dhe 3 Net, &#8211; All Inclusive ( M\u00ebngjese &#8211; Dreka &#8211; Darka dhe Pije pa kufizim gjat\u00eb gjith\u00eb q\u00ebndrimit) &#8211; Darka Speciale e Vitit t\u00eb Ri, Bufe, m\u00eb 31 Dhjetor dhe 1 Janar\u00a0me muzik\u00eb live dhe orkest\u00ebr,<\/p>\n<div class=\"padding-top text-center\"><a href=\"https:\/\/travel-plus.al\/index.php\/tours\/viti-i-ri-all-inclusive-ne-ulqin\/\" class=\"atbtn atbtn--medium atbtn--rounded atbtn--transparent\">Read more<i class=\"atbtn__icon atbtn__icon--right fa fa-long-arrow-right\"><\/i><\/a><\/div>\n","protected":false},"featured_media":783,"template":"","meta":[],"product_brand":[],"product_cat":[15],"product_tag":[],"class_list":{"0":"post-782","1":"product","2":"type-product","3":"status-publish","4":"has-post-thumbnail","6":"product_cat-uncategorized","7":"tour_category-all-inclusive","8":"tour_category-mal-i-zi","9":"tour_category-paketa-kulturore","10":"tour_category-udhetim","11":"tour_category-ulqin","12":"tour_category-viti-i-ri","14":"first","15":"instock","16":"shipping-taxable","17":"purchasable","18":"product-type-tour"},"_links":{"self":[{"href":"https:\/\/travel-plus.al\/index.php\/wp-json\/wp\/v2\/product\/782","targetHints":{"allow":["GET"]}}],"collection":[{"href":"https:\/\/travel-plus.al\/index.php\/wp-json\/wp\/v2\/product"}],"about":[{"href":"https:\/\/travel-plus.al\/index.php\/wp-json\/wp\/v2\/types\/product"}],"wp:featuredmedia":[{"embeddable":true,"href":"https:\/\/travel-plus.al\/index.php\/wp-json\/wp\/v2\/media\/783"}],"wp:attachment":[{"href":"https:\/\/travel-plus.al\/index.php\/wp-json\/wp\/v2\/media?parent=782"}],"wp:term":[{"taxonomy":"product_brand","embeddable":true,"href":"https:\/\/travel-plus.al\/index.php\/wp-json\/wp\/v2\/product_brand?post=782"},{"taxonomy":"product_cat","embeddable":true,"href":"https:\/\/travel-plus.al\/index.php\/wp-json\/wp\/v2\/product_cat?post=782"},{"taxonomy":"product_tag","embeddable":true,"href":"https:\/\/travel-plus.al\/index.php\/wp-json\/wp\/v2\/product_tag?post=782"}],"curies":[{"name":"wp","href":"https:\/\/api.w.org\/{rel}","templated":true}]}}