{"id":781,"date":"2022-11-23T09:40:55","date_gmt":"2022-11-23T09:40:55","guid":{"rendered":"https:\/\/travel-plus.al\/?post_type=product&#038;p=781"},"modified":"2022-11-23T09:42:29","modified_gmt":"2022-11-23T09:42:29","slug":"vit-i-ri-ne-stamboll-selanik-sofje","status":"publish","type":"product","link":"https:\/\/travel-plus.al\/index.php\/tours\/vit-i-ri-ne-stamboll-selanik-sofje\/","title":{"rendered":"VITI I RI N\u00cb STAMBOLL, SELANIK, SOFJE"},"content":{"rendered":"<table class=\"table table-bordered tours-tabs__table\" style=\"width: 117.271%; height: 362px;\" width=\"862\">\n<tbody>\n<tr style=\"height: 24px;\">\n<td style=\"height: 24px; width: 21.5935%;\"><strong>Nisja<\/strong><\/td>\n<td style=\"height: 24px; width: 77.4827%;\">\u00a0Tirane<\/td>\n<\/tr>\n<tr style=\"height: 24px;\">\n<td style=\"height: 24px; width: 21.5935%;\"><strong>Data e Nisjes<\/strong><\/td>\n<td style=\"height: 24px; width: 77.4827%;\">29 Dhjetor<\/td>\n<\/tr>\n<tr style=\"height: 24px;\">\n<td style=\"height: 24px; width: 21.5935%;\"><strong>Dite qendrimi<\/strong><\/td>\n<td style=\"height: 24px; width: 77.4827%;\">5 Dite<\/td>\n<\/tr>\n<tr style=\"height: 24px;\">\n<td style=\"height: 24px; width: 21.5935%;\"><strong>\u00c7mimi<\/strong><\/td>\n<td style=\"height: 24px; width: 77.4827%;\">\u00a0189 \u20ac<\/td>\n<\/tr>\n<tr style=\"height: 160px;\">\n<td style=\"height: 160px; width: 21.5935%;\"><strong>P\u00cbRFSHIHEN<\/strong><\/td>\n<td style=\"height: 160px; width: 77.4827%;\"><span style=\"color: #666666; font-family: Verdana, Aria, Helvetica;\">-Udh\u00ebtimi vajtje \u2013 ardhje me autobus,<\/span><br \/>\n<span style=\"color: #666666; font-family: Verdana, Aria, Helvetica;\">-Akomodimi n\u00eb hotel me 3*,<\/span><br \/>\n<span style=\"color: #666666; font-family: Verdana, Aria, Helvetica;\">-M\u00ebngjeset p\u00ebr t\u00eb gjith\u00eb dit\u00ebt e q\u00ebndrimit.<\/span><br \/>\n<span style=\"color: #666666; font-family: Verdana, Aria, Helvetica;\">-Sh\u00ebtitjet n\u00eb Stamboll me autobus (sipas programit)<\/span><br \/>\n<span style=\"color: #666666; font-family: Verdana, Aria, Helvetica;\">-Shoq\u00ebrues shqiptar p\u00ebr t\u00eb gjith\u00eb dit\u00ebt e q\u00ebndrimit<\/span><br \/>\n<span style=\"color: #666666; font-family: Verdana, Aria, Helvetica;\">-Nj\u00eb lundrim me anije n\u00eb Bosfor 2.5 \u2013 3 or\u00eb p\u00ebr t\u00eb par\u00eb Europ\u00ebn e dhe Azin\u00eb.<\/span><\/td>\n<\/tr>\n<tr style=\"height: 106px;\">\n<td style=\"height: 106px; width: 21.5935%;\"><b>NUK PERFSHIHEN<\/b><\/td>\n<td style=\"height: 106px; width: 77.4827%;\">1. Gjithshka q\u00eb nuk \u00ebsht\u00eb p\u00ebrmendur n\u00eb k\u00ebt\u00eb program.<br \/>\n2. Hyrjet n\u00eb monumente dhe muzeume.<\/td>\n<\/tr>\n<\/tbody>\n<\/table>\n<p>&nbsp;<\/p>\n","protected":false},"excerpt":{"rendered":"<p>Nisja \u00a0Tirane Data e Nisjes 29 Dhjetor Dite qendrimi 5 Dite \u00c7mimi \u00a0189 \u20ac P\u00cbRFSHIHEN -Udh\u00ebtimi vajtje \u2013 ardhje me autobus, -Akomodimi n\u00eb hotel me 3*, -M\u00ebngjeset p\u00ebr t\u00eb gjith\u00eb dit\u00ebt e q\u00ebndrimit. -Sh\u00ebtitjet n\u00eb Stamboll me autobus (sipas programit) -Shoq\u00ebrues shqiptar p\u00ebr t\u00eb gjith\u00eb dit\u00ebt e q\u00ebndrimit -Nj\u00eb lundrim me anije n\u00eb Bosfor 2.5<\/p>\n<div class=\"padding-top text-center\"><a href=\"https:\/\/travel-plus.al\/index.php\/tours\/vit-i-ri-ne-stamboll-selanik-sofje\/\" class=\"atbtn atbtn--medium atbtn--rounded atbtn--transparent\">Read more<i class=\"atbtn__icon atbtn__icon--right fa fa-long-arrow-right\"><\/i><\/a><\/div>\n","protected":false},"featured_media":710,"template":"","meta":[],"product_brand":[],"product_cat":[15],"product_tag":[],"class_list":{"0":"post-781","1":"product","2":"type-product","3":"status-publish","4":"has-post-thumbnail","6":"product_cat-uncategorized","7":"tour_category-fjetje-dhe-mengjes","8":"tour_category-paketa-kulturore","9":"tour_category-selanik","10":"tour_category-sofie","11":"tour_category-stamboll","12":"tour_category-udhetim","13":"tour_category-viti-i-ri","15":"first","16":"instock","17":"shipping-taxable","18":"purchasable","19":"product-type-tour"},"_links":{"self":[{"href":"https:\/\/travel-plus.al\/index.php\/wp-json\/wp\/v2\/product\/781","targetHints":{"allow":["GET"]}}],"collection":[{"href":"https:\/\/travel-plus.al\/index.php\/wp-json\/wp\/v2\/product"}],"about":[{"href":"https:\/\/travel-plus.al\/index.php\/wp-json\/wp\/v2\/types\/product"}],"wp:featuredmedia":[{"embeddable":true,"href":"https:\/\/travel-plus.al\/index.php\/wp-json\/wp\/v2\/media\/710"}],"wp:attachment":[{"href":"https:\/\/travel-plus.al\/index.php\/wp-json\/wp\/v2\/media?parent=781"}],"wp:term":[{"taxonomy":"product_brand","embeddable":true,"href":"https:\/\/travel-plus.al\/index.php\/wp-json\/wp\/v2\/product_brand?post=781"},{"taxonomy":"product_cat","embeddable":true,"href":"https:\/\/travel-plus.al\/index.php\/wp-json\/wp\/v2\/product_cat?post=781"},{"taxonomy":"product_tag","embeddable":true,"href":"https:\/\/travel-plus.al\/index.php\/wp-json\/wp\/v2\/product_tag?post=781"}],"curies":[{"name":"wp","href":"https:\/\/api.w.org\/{rel}","templated":true}]}}