{"id":776,"date":"2022-11-23T09:32:42","date_gmt":"2022-11-23T09:32:42","guid":{"rendered":"https:\/\/travel-plus.al\/?post_type=product&#038;p=776"},"modified":"2022-11-23T09:36:23","modified_gmt":"2022-11-23T09:36:23","slug":"vit-i-ri-ne-abu-dhabi-dhe-dubai","status":"publish","type":"product","link":"https:\/\/travel-plus.al\/index.php\/tours\/vit-i-ri-ne-abu-dhabi-dhe-dubai\/","title":{"rendered":"VITI I RI N\u00cb DUBAI DHE ABU DHABI"},"content":{"rendered":"<table class=\"table table-bordered tours-tabs__table\" style=\"width: 117.271%; height: 362px;\" width=\"862\">\n<tbody>\n<tr style=\"height: 24px;\">\n<td style=\"height: 24px; width: 21.5935%;\"><strong>Nisja<\/strong><\/td>\n<td style=\"height: 24px; width: 77.4827%;\">\u00a0Tirane<\/td>\n<\/tr>\n<tr style=\"height: 24px;\">\n<td style=\"height: 24px; width: 21.5935%;\"><strong>Data e Nisjes<\/strong><\/td>\n<td style=\"height: 24px; width: 77.4827%;\">28 Dhjetor<\/td>\n<\/tr>\n<tr style=\"height: 24px;\">\n<td style=\"height: 24px; width: 21.5935%;\"><strong>Dite qendrimi<\/strong><\/td>\n<td style=\"height: 24px; width: 77.4827%;\">8 Dite<\/td>\n<\/tr>\n<tr style=\"height: 24px;\">\n<td style=\"height: 24px; width: 21.5935%;\"><strong>\u00c7mimi<\/strong><\/td>\n<td style=\"height: 24px; width: 77.4827%;\">889 \u20ac<\/td>\n<\/tr>\n<tr style=\"height: 160px;\">\n<td style=\"height: 160px; width: 21.5935%;\"><strong>P\u00cbRFSHIHEN<\/strong><\/td>\n<td style=\"height: 160px; width: 77.4827%;\">\u2022 Bileta e Avionit p\u00ebr Fluturim\u00a0Tiran\u00eb &#8211; Abu Dhabi &#8211; Tiran\u00eb, sipas programit.<br \/>\n\u2022 Transfertat nga Aeroporti n\u00eb Hotel dhe anasjelltas.<br \/>\n\u2022 Akomodimi n\u00eb Hotel Sipas Programit<br \/>\n\u2022 Sh\u00ebtitjet me Autobus sipas Programit.<br \/>\n\u2022 Guida vendase n\u00eb disa Sh\u00ebtitje.<br \/>\n\u2022 Shoq\u00ebrues n\u00eb Shqip p\u00ebrgjat\u00eb gjith\u00eb udh\u00ebtimit<br \/>\n\u2022 N\u00eb Fluturimin me Wizzair \u00ebsht\u00eb p\u00ebrfshir\u00eb 20 Kg Bagazh dhe \u00e7ant\u00eb shpine.<\/td>\n<\/tr>\n<tr style=\"height: 106px;\">\n<td style=\"height: 106px; width: 21.5935%;\"><b>OPSIONALE<\/b><\/td>\n<td style=\"height: 106px; width: 77.4827%;\">\n<div>\n<ul>\n<li style=\"font-weight: 400;\">Tarifa e viz\u00ebs s\u00eb hyrjes n\u00eb Dubai.<br \/>\n\u2022 T\u00eb gjith\u00eb Ekskursionet &#8220;Opsionale&#8221;.<br \/>\n\u2022 Darka Speciale e Vitit t\u00eb Ri.<\/li>\n<\/ul>\n<p style=\"font-weight: 400;\">\n<b><strong>Shtesat dhe Tarifat per Ekskursionet Opsionale:<\/strong><\/b><br \/>\n1. Shtes\u00eb p\u00ebr Viz\u00eb Hyrje &#8211; \u20ac89<br \/>\n2. Xhiro me Anije Catamaran n\u00eb Dubai Marina me transfert\u00eb &#8211; \u20ac49<br \/>\n3. Ngjitje n\u00eb Observatorin e Burj Khalifa me transfert\u00eb &#8211; \u20ac60<br \/>\n4. Jeep Safari n\u00eb Shkret\u00ebtir\u00eb me Dark\u00eb Bufe t\u00eb p\u00ebrfshir\u00eb me transfert\u00eb &#8211; \u20ac69<br \/>\n5. Hyrje Ditore n\u00eb Parkun Ujor Aquaventure me transfert\u00eb &#8211; \u20ac95<br \/>\n6. Darke 4 Set menu me 1 pije me Pamje nga Shfaqja me Shatervan &#8211; \u20ac37<br \/>\n7. Shfaqje me Delfina dhe Foka n\u00eb Delphinarium Dubai me transferte &#8211; \u20ac45<br \/>\n8.\u00a0Hyrje n\u00eb Parkun e luleve Miracle Garden me transfert\u00eb- \u20ac50<br \/>\n9. Vizita ne Dubai Frame (kornizen e Dubait) me transferte &#8211; \u20ac47<br \/>\n10. Xhiro me Helikopter mbi Dubai per 17 Minuta me Transferte &#8211; \u20ac220<\/p>\n<\/div>\n<\/td>\n<\/tr>\n<\/tbody>\n<\/table>\n<p>&nbsp;<\/p>\n","protected":false},"excerpt":{"rendered":"<p>Nisja \u00a0Tirane Data e Nisjes 28 Dhjetor Dite qendrimi 8 Dite \u00c7mimi 889 \u20ac P\u00cbRFSHIHEN \u2022 Bileta e Avionit p\u00ebr Fluturim\u00a0Tiran\u00eb &#8211; Abu Dhabi &#8211; Tiran\u00eb, sipas programit. \u2022 Transfertat nga Aeroporti n\u00eb Hotel dhe anasjelltas. \u2022 Akomodimi n\u00eb Hotel Sipas Programit \u2022 Sh\u00ebtitjet me Autobus sipas Programit. \u2022 Guida vendase n\u00eb disa Sh\u00ebtitje. \u2022<\/p>\n<div class=\"padding-top text-center\"><a href=\"https:\/\/travel-plus.al\/index.php\/tours\/vit-i-ri-ne-abu-dhabi-dhe-dubai\/\" class=\"atbtn atbtn--medium atbtn--rounded atbtn--transparent\">Read more<i class=\"atbtn__icon atbtn__icon--right fa fa-long-arrow-right\"><\/i><\/a><\/div>\n","protected":false},"featured_media":268,"template":"","meta":[],"product_brand":[],"product_cat":[15],"product_tag":[],"class_list":{"0":"post-776","1":"product","2":"type-product","3":"status-publish","4":"has-post-thumbnail","6":"product_cat-uncategorized","7":"tour_category-dubai","8":"tour_category-paketa-kulturore","9":"tour_category-udhetim","11":"first","12":"instock","13":"shipping-taxable","14":"purchasable","15":"product-type-tour"},"_links":{"self":[{"href":"https:\/\/travel-plus.al\/index.php\/wp-json\/wp\/v2\/product\/776","targetHints":{"allow":["GET"]}}],"collection":[{"href":"https:\/\/travel-plus.al\/index.php\/wp-json\/wp\/v2\/product"}],"about":[{"href":"https:\/\/travel-plus.al\/index.php\/wp-json\/wp\/v2\/types\/product"}],"wp:featuredmedia":[{"embeddable":true,"href":"https:\/\/travel-plus.al\/index.php\/wp-json\/wp\/v2\/media\/268"}],"wp:attachment":[{"href":"https:\/\/travel-plus.al\/index.php\/wp-json\/wp\/v2\/media?parent=776"}],"wp:term":[{"taxonomy":"product_brand","embeddable":true,"href":"https:\/\/travel-plus.al\/index.php\/wp-json\/wp\/v2\/product_brand?post=776"},{"taxonomy":"product_cat","embeddable":true,"href":"https:\/\/travel-plus.al\/index.php\/wp-json\/wp\/v2\/product_cat?post=776"},{"taxonomy":"product_tag","embeddable":true,"href":"https:\/\/travel-plus.al\/index.php\/wp-json\/wp\/v2\/product_tag?post=776"}],"curies":[{"name":"wp","href":"https:\/\/api.w.org\/{rel}","templated":true}]}}