{"id":772,"date":"2022-11-23T09:27:41","date_gmt":"2022-11-23T09:27:41","guid":{"rendered":"https:\/\/travel-plus.al\/?post_type=product&#038;p=772"},"modified":"2022-11-23T09:30:21","modified_gmt":"2022-11-23T09:30:21","slug":"vit-i-ri-ne-budapest-dhe-prage","status":"publish","type":"product","link":"https:\/\/travel-plus.al\/index.php\/tours\/vit-i-ri-ne-budapest-dhe-prage\/","title":{"rendered":"VITI I RI N\u00cb BUDAPEST DHE PRAG\u00cb"},"content":{"rendered":"<table class=\"table table-bordered tours-tabs__table\" style=\"width: 117.271%; height: 362px;\" width=\"862\">\n<tbody>\n<tr style=\"height: 24px;\">\n<td style=\"height: 24px; width: 21.408%;\"><strong>Nisja<\/strong><\/td>\n<td style=\"height: 24px; width: 77.6682%;\">\u00a0Tirane<\/td>\n<\/tr>\n<tr style=\"height: 24px;\">\n<td style=\"height: 24px; width: 21.408%;\"><strong>Data e Nisjes<\/strong><\/td>\n<td style=\"height: 24px; width: 77.6682%;\">28 Dhjetor<\/td>\n<\/tr>\n<tr style=\"height: 24px;\">\n<td style=\"height: 24px; width: 21.408%;\"><strong>Dite qendrimi<\/strong><\/td>\n<td style=\"height: 24px; width: 77.6682%;\">5 Dite<\/td>\n<\/tr>\n<tr style=\"height: 24px;\">\n<td style=\"height: 24px; width: 21.408%;\"><strong>\u00c7mimi<\/strong><\/td>\n<td style=\"height: 24px; width: 77.6682%;\">\u00a0539 \u20ac<\/td>\n<\/tr>\n<tr style=\"height: 160px;\">\n<td style=\"height: 160px; width: 21.408%;\"><strong>P\u00cbRFSHIHEN<\/strong><\/td>\n<td style=\"height: 160px; width: 77.6682%;\">\n<div>\n<div>1. Udh\u00ebtimi vajtje &#8211; ardhje me avion,<br \/>\n2. Transfertat dhe sh\u00ebtitjet me autobus,<br \/>\n3. Akomodim n\u00eb hotel,<br \/>\n4. M\u00ebngjeset p\u00ebr t\u00eb gjitha dit\u00ebt e udh\u00ebtimit,<br \/>\n5. Shoq\u00ebrues shqiptar gjat\u00eb q\u00ebndrimit jasht\u00eb Shqip\u00ebris\u00eb.<br \/>\n6. Lejohet t\u00eb merret me vete n\u00eb avion vet\u00ebm nj\u00eb bagazh me p\u00ebrmasa deri n\u00eb 40 x 30 x 20 cm. (Kujdes &#8211; Mbi k\u00ebto p\u00ebrmasa dhe Bagazh p\u00ebr checkin ka shpenzime ekstra).<\/div>\n<\/div>\n<\/td>\n<\/tr>\n<tr style=\"height: 106px;\">\n<td style=\"height: 106px; width: 21.408%;\"><b>NUK P\u00cbRFSHIHEN<\/b><\/td>\n<td style=\"height: 106px; width: 77.6682%;\">\n<table class=\"table table-bordered\" width=\"575\">\n<tbody>\n<tr>\n<td>1. Gjithshka q\u00eb nuk \u00ebsht\u00eb p\u00ebrmendur n\u00eb k\u00ebt\u00eb program.<br \/>\n2. Hyrjet n\u00eb monumente dhe muzeume.<\/td>\n<\/tr>\n<\/tbody>\n<\/table>\n<\/td>\n<\/tr>\n<\/tbody>\n<\/table>\n<p>&nbsp;<\/p>\n","protected":false},"excerpt":{"rendered":"<p>Nisja \u00a0Tirane Data e Nisjes 28 Dhjetor Dite qendrimi 5 Dite \u00c7mimi \u00a0539 \u20ac P\u00cbRFSHIHEN 1. Udh\u00ebtimi vajtje &#8211; ardhje me avion, 2. Transfertat dhe sh\u00ebtitjet me autobus, 3. Akomodim n\u00eb hotel, 4. M\u00ebngjeset p\u00ebr t\u00eb gjitha dit\u00ebt e udh\u00ebtimit, 5. Shoq\u00ebrues shqiptar gjat\u00eb q\u00ebndrimit jasht\u00eb Shqip\u00ebris\u00eb. 6. Lejohet t\u00eb merret me vete n\u00eb avion<\/p>\n<div class=\"padding-top text-center\"><a href=\"https:\/\/travel-plus.al\/index.php\/tours\/vit-i-ri-ne-budapest-dhe-prage\/\" class=\"atbtn atbtn--medium atbtn--rounded atbtn--transparent\">Read more<i class=\"atbtn__icon atbtn__icon--right fa fa-long-arrow-right\"><\/i><\/a><\/div>\n","protected":false},"featured_media":774,"template":"","meta":[],"product_brand":[],"product_cat":[15],"product_tag":[],"class_list":{"0":"post-772","1":"product","2":"type-product","3":"status-publish","4":"has-post-thumbnail","6":"product_cat-uncategorized","7":"tour_category-budapest","8":"tour_category-fjetje-dhe-mengjes","9":"tour_category-paketa-kulturore","10":"tour_category-prage","11":"tour_category-udhetim","12":"tour_category-viti-i-ri","14":"first","15":"instock","16":"shipping-taxable","17":"purchasable","18":"product-type-tour"},"_links":{"self":[{"href":"https:\/\/travel-plus.al\/index.php\/wp-json\/wp\/v2\/product\/772","targetHints":{"allow":["GET"]}}],"collection":[{"href":"https:\/\/travel-plus.al\/index.php\/wp-json\/wp\/v2\/product"}],"about":[{"href":"https:\/\/travel-plus.al\/index.php\/wp-json\/wp\/v2\/types\/product"}],"wp:featuredmedia":[{"embeddable":true,"href":"https:\/\/travel-plus.al\/index.php\/wp-json\/wp\/v2\/media\/774"}],"wp:attachment":[{"href":"https:\/\/travel-plus.al\/index.php\/wp-json\/wp\/v2\/media?parent=772"}],"wp:term":[{"taxonomy":"product_brand","embeddable":true,"href":"https:\/\/travel-plus.al\/index.php\/wp-json\/wp\/v2\/product_brand?post=772"},{"taxonomy":"product_cat","embeddable":true,"href":"https:\/\/travel-plus.al\/index.php\/wp-json\/wp\/v2\/product_cat?post=772"},{"taxonomy":"product_tag","embeddable":true,"href":"https:\/\/travel-plus.al\/index.php\/wp-json\/wp\/v2\/product_tag?post=772"}],"curies":[{"name":"wp","href":"https:\/\/api.w.org\/{rel}","templated":true}]}}