{"id":767,"date":"2022-11-23T09:20:10","date_gmt":"2022-11-23T09:20:10","guid":{"rendered":"https:\/\/travel-plus.al\/?post_type=product&#038;p=767"},"modified":"2022-11-23T09:21:51","modified_gmt":"2022-11-23T09:21:51","slug":"vit-i-ri-ne-vjene","status":"publish","type":"product","link":"https:\/\/travel-plus.al\/index.php\/tours\/vit-i-ri-ne-vjene\/","title":{"rendered":"VIT I RI N\u00cb VJEN\u00cb"},"content":{"rendered":"<table class=\"table table-bordered tours-tabs__table\" style=\"width: 117.271%; height: 362px;\" width=\"862\">\n<tbody>\n<tr style=\"height: 24px;\">\n<td style=\"height: 24px; width: 21.5935%;\"><strong>Nisja<\/strong><\/td>\n<td style=\"height: 24px; width: 77.4827%;\">\u00a0Tirane<\/td>\n<\/tr>\n<tr style=\"height: 24px;\">\n<td style=\"height: 24px; width: 21.5935%;\"><strong>Data e Nisjes<\/strong><\/td>\n<td style=\"height: 24px; width: 77.4827%;\">30 Dhjetor<\/td>\n<\/tr>\n<tr style=\"height: 24px;\">\n<td style=\"height: 24px; width: 21.5935%;\"><strong>Dite qendrimi<\/strong><\/td>\n<td style=\"height: 24px; width: 77.4827%;\">4 Dite<\/td>\n<\/tr>\n<tr style=\"height: 24px;\">\n<td style=\"height: 24px; width: 21.5935%;\"><strong>\u00c7mimi<\/strong><\/td>\n<td style=\"height: 24px; width: 77.4827%;\">\u00a0499 \u20ac<\/td>\n<\/tr>\n<tr style=\"height: 160px;\">\n<td style=\"height: 160px; width: 21.5935%;\"><strong>P\u00cbRFSHIHEN<\/strong><\/td>\n<td style=\"height: 160px; width: 77.4827%;\">1. Udh\u00ebtimi vajtje-ardhje me avion,<br \/>\n2. Transfertat dhe sh\u00ebtitjet me autobus,<br \/>\n3. Akomodim n\u00eb hotel me 3 yje,<br \/>\n4. M\u00ebngjeset p\u00ebr t\u00eb gjitha dit\u00ebt e udh\u00ebtimit,<br \/>\n5. Shoq\u00ebrues shqiptar gjat\u00eb q\u00ebndrimit jasht\u00eb Shqip\u00ebris\u00eb.<br \/>\n6. Lejohet t\u00eb merret me vete n\u00eb avion vet\u00ebm nj\u00eb\u00a0<u>\u00e7ant\u00eb<\/u>\u00a0me p\u00ebrmasa deri n\u00eb 40 x 20x 23cm. (Kujdes &#8211; Mbi k\u00ebto p\u00ebrmasa dhe Bagazh p\u00ebr checkin ka shpenzime ekstra).<\/td>\n<\/tr>\n<tr style=\"height: 106px;\">\n<td style=\"height: 106px; width: 21.5935%;\"><b>NUK P\u00cbRFSHIHEN<\/b><\/td>\n<td style=\"height: 106px; width: 77.4827%;\">\n<table class=\"table table-bordered\" width=\"575\">\n<tbody>\n<tr>\n<td>1. Gjithshka q\u00eb nuk \u00ebsht\u00eb p\u00ebrmendur n\u00eb k\u00ebt\u00eb program.<br \/>\n2. Hyrjet n\u00eb monumente dhe muzeume.<\/td>\n<\/tr>\n<\/tbody>\n<\/table>\n<\/td>\n<\/tr>\n<\/tbody>\n<\/table>\n<p>&nbsp;<\/p>\n","protected":false},"excerpt":{"rendered":"<p>Nisja \u00a0Tirane Data e Nisjes 30 Dhjetor Dite qendrimi 4 Dite \u00c7mimi \u00a0499 \u20ac P\u00cbRFSHIHEN 1. Udh\u00ebtimi vajtje-ardhje me avion, 2. Transfertat dhe sh\u00ebtitjet me autobus, 3. Akomodim n\u00eb hotel me 3 yje, 4. M\u00ebngjeset p\u00ebr t\u00eb gjitha dit\u00ebt e udh\u00ebtimit, 5. Shoq\u00ebrues shqiptar gjat\u00eb q\u00ebndrimit jasht\u00eb Shqip\u00ebris\u00eb. 6. Lejohet t\u00eb merret me vete n\u00eb<\/p>\n<div class=\"padding-top text-center\"><a href=\"https:\/\/travel-plus.al\/index.php\/tours\/vit-i-ri-ne-vjene\/\" class=\"atbtn atbtn--medium atbtn--rounded atbtn--transparent\">Read more<i class=\"atbtn__icon atbtn__icon--right fa fa-long-arrow-right\"><\/i><\/a><\/div>\n","protected":false},"featured_media":667,"template":"","meta":[],"product_brand":[],"product_cat":[15],"product_tag":[],"class_list":{"0":"post-767","1":"product","2":"type-product","3":"status-publish","4":"has-post-thumbnail","6":"product_cat-uncategorized","7":"tour_category-fjetje-dhe-mengjes","8":"tour_category-paketa-kulturore","9":"tour_category-udhetim","10":"tour_category-viti-i-ri","11":"tour_category-vjene","13":"first","14":"instock","15":"shipping-taxable","16":"purchasable","17":"product-type-tour"},"_links":{"self":[{"href":"https:\/\/travel-plus.al\/index.php\/wp-json\/wp\/v2\/product\/767","targetHints":{"allow":["GET"]}}],"collection":[{"href":"https:\/\/travel-plus.al\/index.php\/wp-json\/wp\/v2\/product"}],"about":[{"href":"https:\/\/travel-plus.al\/index.php\/wp-json\/wp\/v2\/types\/product"}],"wp:featuredmedia":[{"embeddable":true,"href":"https:\/\/travel-plus.al\/index.php\/wp-json\/wp\/v2\/media\/667"}],"wp:attachment":[{"href":"https:\/\/travel-plus.al\/index.php\/wp-json\/wp\/v2\/media?parent=767"}],"wp:term":[{"taxonomy":"product_brand","embeddable":true,"href":"https:\/\/travel-plus.al\/index.php\/wp-json\/wp\/v2\/product_brand?post=767"},{"taxonomy":"product_cat","embeddable":true,"href":"https:\/\/travel-plus.al\/index.php\/wp-json\/wp\/v2\/product_cat?post=767"},{"taxonomy":"product_tag","embeddable":true,"href":"https:\/\/travel-plus.al\/index.php\/wp-json\/wp\/v2\/product_tag?post=767"}],"curies":[{"name":"wp","href":"https:\/\/api.w.org\/{rel}","templated":true}]}}