{"id":760,"date":"2022-11-23T09:03:10","date_gmt":"2022-11-23T09:03:10","guid":{"rendered":"https:\/\/travel-plus.al\/?post_type=product&#038;p=760"},"modified":"2022-11-23T09:06:12","modified_gmt":"2022-11-23T09:06:12","slug":"krociere-ne-abu-dhabi-dhe-dubai","status":"publish","type":"product","link":"https:\/\/travel-plus.al\/index.php\/tours\/krociere-ne-abu-dhabi-dhe-dubai\/","title":{"rendered":"KRO\u00c7IERE N\u00cb DUBAI DHE ABU DHABI"},"content":{"rendered":"<table class=\"table table-bordered tours-tabs__table\" style=\"width: 117.271%; height: 362px;\" width=\"862\">\n<tbody>\n<tr style=\"height: 24px;\">\n<td style=\"height: 24px; width: 21.5935%;\"><strong>Nisja<\/strong><\/td>\n<td style=\"height: 24px; width: 77.4827%;\">\u00a0Tirane<\/td>\n<\/tr>\n<tr style=\"height: 24px;\">\n<td style=\"height: 24px; width: 21.5935%;\"><strong>Data e Nisjes<\/strong><\/td>\n<td style=\"height: 24px; width: 77.4827%;\">28 Dhjetor<\/td>\n<\/tr>\n<tr style=\"height: 24px;\">\n<td style=\"height: 24px; width: 21.5935%;\"><strong>Dite qendrimi<\/strong><\/td>\n<td style=\"height: 24px; width: 77.4827%;\">8 Dite<\/td>\n<\/tr>\n<tr style=\"height: 24px;\">\n<td style=\"height: 24px; width: 21.5935%;\"><strong>\u00c7mimi<\/strong><\/td>\n<td style=\"height: 24px; width: 77.4827%;\">1199 \u20ac<\/td>\n<\/tr>\n<tr style=\"height: 160px;\">\n<td style=\"height: 160px; width: 21.5935%;\"><strong>P\u00cbRFSHIHEN<\/strong><\/td>\n<td style=\"height: 160px; width: 77.4827%;\">1. Udh\u00ebtimi vajtje-ardhje me Avion Tiran\u00eb &#8211; Abu Dhabi &#8211; Tiran\u00eb<br \/>\n2. Sh\u00ebtitjet me Autobus n\u00eb Dubai dhe Abu Dhabi.<br \/>\n3. Akomodim 4 net n\u00eb Kro\u00e7ieren MSC Opera.<br \/>\n4. M\u00ebngjeset, Drekat dhe Darkat n\u00eb Kro\u00e7iere.<br \/>\n5. Shoq\u00ebrues Shqiptar gjat\u00eb udh\u00ebtimit.<br \/>\n6. Shfaqje, Karaoke, Hyrja n\u00eb Disko, Sauna dhe aktivitete t\u00eb ndryshme n\u00eb Kro\u00e7iere.<br \/>\n7. Taksat Portuale.<\/td>\n<\/tr>\n<tr style=\"height: 106px;\">\n<td style=\"height: 106px; width: 21.5935%;\"><b>OPSIONALE<\/b><\/td>\n<td style=\"height: 106px; width: 77.4827%;\">\n<div>1. Gjithshka q\u00eb nuk \u00ebsht\u00eb p\u00ebrmendur n\u00eb k\u00ebt\u00eb program.<br \/>\n2. Hyrjet n\u00eb Monumentet dhe Muzeumet.<br \/>\n3. Ekskursionet q\u00eb ofron Kro\u00e7ierja.<br \/>\n4. Ekskursionet tona Opsionale.<br \/>\n5. Bakshishi n\u00eb Kro\u00e7iere dhe Bakshishe t\u00eb ndryshme<br \/>\n6. Viza dhe Siguracioni Sh\u00ebndet\u00ebsor<br \/>\nKujdes:<br \/>\n&#8211; Shoq\u00ebruesi yn\u00eb ofron asistenc\u00eb gjat\u00eb udh\u00ebtimit n\u00eb Kro\u00e7iere,<br \/>\n&#8211; Rekomandohen Bakshishe n\u00eb Kro\u00e7iere \u20ac10 p\u00ebr t\u00eb Rritur dhe \u20ac5 p\u00ebr F\u00ebmij\u00eb n\u00eb nat\u00eb.<\/div>\n<div>Kujdes:<br \/>\nEdetyrueshme &#8211; Regjistrimet vet\u00ebm me Certifikat\u00eb\u00a0 Vaksin\u00eb.<\/div>\n<\/td>\n<\/tr>\n<\/tbody>\n<\/table>\n<p>&nbsp;<\/p>\n","protected":false},"excerpt":{"rendered":"<p>Nisja \u00a0Tirane Data e Nisjes 28 Dhjetor Dite qendrimi 8 Dite \u00c7mimi 1199 \u20ac P\u00cbRFSHIHEN 1. Udh\u00ebtimi vajtje-ardhje me Avion Tiran\u00eb &#8211; Abu Dhabi &#8211; Tiran\u00eb 2. Sh\u00ebtitjet me Autobus n\u00eb Dubai dhe Abu Dhabi. 3. Akomodim 4 net n\u00eb Kro\u00e7ieren MSC Opera. 4. M\u00ebngjeset, Drekat dhe Darkat n\u00eb Kro\u00e7iere. 5. Shoq\u00ebrues Shqiptar gjat\u00eb udh\u00ebtimit.<\/p>\n<div class=\"padding-top text-center\"><a href=\"https:\/\/travel-plus.al\/index.php\/tours\/krociere-ne-abu-dhabi-dhe-dubai\/\" class=\"atbtn atbtn--medium atbtn--rounded atbtn--transparent\">Read more<i class=\"atbtn__icon atbtn__icon--right fa fa-long-arrow-right\"><\/i><\/a><\/div>\n","protected":false},"featured_media":761,"template":"","meta":[],"product_brand":[],"product_cat":[15],"product_tag":[],"class_list":{"0":"post-760","1":"product","2":"type-product","3":"status-publish","4":"has-post-thumbnail","6":"product_cat-uncategorized","7":"tour_category-dubai","8":"tour_category-krociere","9":"tour_category-paketa-kulturore","10":"tour_category-udhetim","11":"tour_category-vit-i-ri","13":"first","14":"instock","15":"shipping-taxable","16":"purchasable","17":"product-type-tour"},"_links":{"self":[{"href":"https:\/\/travel-plus.al\/index.php\/wp-json\/wp\/v2\/product\/760","targetHints":{"allow":["GET"]}}],"collection":[{"href":"https:\/\/travel-plus.al\/index.php\/wp-json\/wp\/v2\/product"}],"about":[{"href":"https:\/\/travel-plus.al\/index.php\/wp-json\/wp\/v2\/types\/product"}],"wp:featuredmedia":[{"embeddable":true,"href":"https:\/\/travel-plus.al\/index.php\/wp-json\/wp\/v2\/media\/761"}],"wp:attachment":[{"href":"https:\/\/travel-plus.al\/index.php\/wp-json\/wp\/v2\/media?parent=760"}],"wp:term":[{"taxonomy":"product_brand","embeddable":true,"href":"https:\/\/travel-plus.al\/index.php\/wp-json\/wp\/v2\/product_brand?post=760"},{"taxonomy":"product_cat","embeddable":true,"href":"https:\/\/travel-plus.al\/index.php\/wp-json\/wp\/v2\/product_cat?post=760"},{"taxonomy":"product_tag","embeddable":true,"href":"https:\/\/travel-plus.al\/index.php\/wp-json\/wp\/v2\/product_tag?post=760"}],"curies":[{"name":"wp","href":"https:\/\/api.w.org\/{rel}","templated":true}]}}