{"id":745,"date":"2022-11-02T10:49:54","date_gmt":"2022-11-02T10:49:54","guid":{"rendered":"https:\/\/travel-plus.al\/?post_type=product&#038;p=745"},"modified":"2022-11-02T10:53:16","modified_gmt":"2022-11-02T10:53:16","slug":"festat-e-nentorit-ne-cappadocia","status":"publish","type":"product","link":"https:\/\/travel-plus.al\/index.php\/tours\/festat-e-nentorit-ne-cappadocia\/","title":{"rendered":"FESTAT E N\u00cbNTORIT N\u00cb CAPPADOCIA"},"content":{"rendered":"<table class=\"table table-bordered tours-tabs__table\" style=\"width: 117.271%; height: 362px;\" width=\"862\">\n<tbody>\n<tr style=\"height: 24px;\">\n<td style=\"height: 24px; width: 21.5935%;\"><strong>Nisja<\/strong><\/td>\n<td style=\"height: 24px; width: 77.4827%;\">\u00a0Tirane<\/td>\n<\/tr>\n<tr style=\"height: 24px;\">\n<td style=\"height: 24px; width: 21.5935%;\"><strong>Data e Nisjes<\/strong><\/td>\n<td style=\"height: 24px; width: 77.4827%;\">25 Nentor<\/td>\n<\/tr>\n<tr style=\"height: 24px;\">\n<td style=\"height: 24px; width: 21.5935%;\"><strong>Dite qendrimi<\/strong><\/td>\n<td style=\"height: 24px; width: 77.4827%;\">4 Dite<\/td>\n<\/tr>\n<tr style=\"height: 24px;\">\n<td style=\"height: 24px; width: 21.5935%;\"><strong>\u00c7mimi<\/strong><\/td>\n<td style=\"height: 24px; width: 77.4827%;\">399 \u20ac<\/td>\n<\/tr>\n<tr style=\"height: 160px;\">\n<td style=\"height: 160px; width: 21.5935%;\"><strong>P\u00cbRFSHIHEN<\/strong><\/td>\n<td style=\"height: 160px; width: 77.4827%;\">\n<div>&#8211; Fluturimi me avion vajtje \u2013 ardhje, Tiran\u00eb Stamboll &#8211; Kayseri -Stamboll &#8211; Tiran\u00eb.<\/div>\n<div>&#8211; Akomodimi n\u00eb Hotel 4* n\u00eb Cappadocia.<\/div>\n<div>&#8211; M\u00ebngjeset dhe darkat sipas programit.<\/div>\n<div>&#8211; Transfertat dhe Sh\u00ebtitjet me autobus<\/div>\n<div>&#8211; Shoq\u00ebrues shqiptar p\u00ebr t\u00eb gjith\u00eb dit\u00ebt e udhetimit<\/div>\n<\/td>\n<\/tr>\n<tr style=\"height: 106px;\">\n<td style=\"height: 106px; width: 21.5935%;\"><b>NUK PERFSHIHEN<\/b><\/td>\n<td style=\"height: 106px; width: 77.4827%;\">1. Gjithshka q\u00eb nuk \u00ebsht\u00eb p\u00ebrmendur n\u00eb k\u00ebt\u00eb program.<br \/>\n2. Hyrjet n\u00eb monumente dhe muzeume.<\/td>\n<\/tr>\n<\/tbody>\n<\/table>\n<p>&nbsp;<\/p>\n","protected":false},"excerpt":{"rendered":"<p>Nisja \u00a0Tirane Data e Nisjes 25 Nentor Dite qendrimi 4 Dite \u00c7mimi 399 \u20ac P\u00cbRFSHIHEN &#8211; Fluturimi me avion vajtje \u2013 ardhje, Tiran\u00eb Stamboll &#8211; Kayseri -Stamboll &#8211; Tiran\u00eb. &#8211; Akomodimi n\u00eb Hotel 4* n\u00eb Cappadocia. &#8211; M\u00ebngjeset dhe darkat sipas programit. &#8211; Transfertat dhe Sh\u00ebtitjet me autobus &#8211; Shoq\u00ebrues shqiptar p\u00ebr t\u00eb gjith\u00eb dit\u00ebt<\/p>\n<div class=\"padding-top text-center\"><a href=\"https:\/\/travel-plus.al\/index.php\/tours\/festat-e-nentorit-ne-cappadocia\/\" class=\"atbtn atbtn--medium atbtn--rounded atbtn--transparent\">Read more<i class=\"atbtn__icon atbtn__icon--right fa fa-long-arrow-right\"><\/i><\/a><\/div>\n","protected":false},"featured_media":746,"template":"","meta":[],"product_brand":[],"product_cat":[15],"product_tag":[],"class_list":{"0":"post-745","1":"product","2":"type-product","3":"status-publish","4":"has-post-thumbnail","6":"product_cat-uncategorized","7":"tour_category-cappadocia","8":"tour_category-festat-e-nentorit","9":"tour_category-mengjes-dark","10":"tour_category-paketa-kulturore","11":"tour_category-udhetim","13":"first","14":"instock","15":"shipping-taxable","16":"purchasable","17":"product-type-tour"},"_links":{"self":[{"href":"https:\/\/travel-plus.al\/index.php\/wp-json\/wp\/v2\/product\/745","targetHints":{"allow":["GET"]}}],"collection":[{"href":"https:\/\/travel-plus.al\/index.php\/wp-json\/wp\/v2\/product"}],"about":[{"href":"https:\/\/travel-plus.al\/index.php\/wp-json\/wp\/v2\/types\/product"}],"wp:featuredmedia":[{"embeddable":true,"href":"https:\/\/travel-plus.al\/index.php\/wp-json\/wp\/v2\/media\/746"}],"wp:attachment":[{"href":"https:\/\/travel-plus.al\/index.php\/wp-json\/wp\/v2\/media?parent=745"}],"wp:term":[{"taxonomy":"product_brand","embeddable":true,"href":"https:\/\/travel-plus.al\/index.php\/wp-json\/wp\/v2\/product_brand?post=745"},{"taxonomy":"product_cat","embeddable":true,"href":"https:\/\/travel-plus.al\/index.php\/wp-json\/wp\/v2\/product_cat?post=745"},{"taxonomy":"product_tag","embeddable":true,"href":"https:\/\/travel-plus.al\/index.php\/wp-json\/wp\/v2\/product_tag?post=745"}],"curies":[{"name":"wp","href":"https:\/\/api.w.org\/{rel}","templated":true}]}}