{"id":706,"date":"2022-04-07T09:43:42","date_gmt":"2022-04-07T09:43:42","guid":{"rendered":"https:\/\/travel-plus.al\/?post_type=product&#038;p=706"},"modified":"2022-11-02T10:45:55","modified_gmt":"2022-11-02T10:45:55","slug":"festat-ne-stamboll-selanik-sofje","status":"publish","type":"product","link":"https:\/\/travel-plus.al\/index.php\/tours\/festat-ne-stamboll-selanik-sofje\/","title":{"rendered":"FESTAT E N\u00cbNTORIT N\u00cb STAMBOLL SELANIK SOFJE"},"content":{"rendered":"<table class=\"table table-bordered tours-tabs__table\" style=\"width: 117.271%; height: 362px;\" width=\"862\">\n<tbody>\n<tr style=\"height: 24px;\">\n<td style=\"height: 24px; width: 21.5935%;\"><strong>Nisja<\/strong><\/td>\n<td style=\"height: 24px; width: 77.4827%;\">\u00a0Tirane<\/td>\n<\/tr>\n<tr style=\"height: 24px;\">\n<td style=\"height: 24px; width: 21.5935%;\"><strong>Data e Nisjes<\/strong><\/td>\n<td style=\"height: 24px; width: 77.4827%;\">25 Nentor<\/td>\n<\/tr>\n<tr style=\"height: 24px;\">\n<td style=\"height: 24px; width: 21.5935%;\"><strong>Dite qendrimi<\/strong><\/td>\n<td style=\"height: 24px; width: 77.4827%;\">5 Dite<\/td>\n<\/tr>\n<tr style=\"height: 24px;\">\n<td style=\"height: 24px; width: 21.5935%;\"><strong>\u00c7mimi<\/strong><\/td>\n<td style=\"height: 24px; width: 77.4827%;\">\u00a0149 \u20ac<\/td>\n<\/tr>\n<tr style=\"height: 160px;\">\n<td style=\"height: 160px; width: 21.5935%;\"><strong>P\u00cbRFSHIHEN<\/strong><\/td>\n<td style=\"height: 160px; width: 77.4827%;\">-Udh\u00ebtimi vajtje \u2013 ardhje me autobus,<br \/>\n-Akomodimi n\u00eb hotel me 3 yje n\u00eb Stamboll, Sofje dhe Selanik,<br \/>\n-M\u00ebngjezet p\u00ebr t\u00eb gjith\u00eb dit\u00ebt e q\u00ebndrimit.<br \/>\n-Sh\u00ebtitjet n\u00eb Stamboll me autobus (sipas programit)<br \/>\n-Shoq\u00ebrues dhe guid\u00eb shqiptare, p\u00ebr t\u00eb gjith\u00eb dit\u00ebt e q\u00ebndrimit<\/td>\n<\/tr>\n<tr style=\"height: 106px;\">\n<td style=\"height: 106px; width: 21.5935%;\"><b>NUK PERFSHIHEN<\/b><\/td>\n<td style=\"height: 106px; width: 77.4827%;\">1. Gjithshka q\u00eb nuk \u00ebsht\u00eb p\u00ebrmendur n\u00eb k\u00ebt\u00eb program.<br \/>\n2. Hyrjet n\u00eb monumente dhe muzeume.<\/td>\n<\/tr>\n<\/tbody>\n<\/table>\n<p>&nbsp;<\/p>\n","protected":false},"excerpt":{"rendered":"<p>Nisja \u00a0Tirane Data e Nisjes 25 Nentor Dite qendrimi 5 Dite \u00c7mimi \u00a0149 \u20ac P\u00cbRFSHIHEN -Udh\u00ebtimi vajtje \u2013 ardhje me autobus, -Akomodimi n\u00eb hotel me 3 yje n\u00eb Stamboll, Sofje dhe Selanik, -M\u00ebngjezet p\u00ebr t\u00eb gjith\u00eb dit\u00ebt e q\u00ebndrimit. -Sh\u00ebtitjet n\u00eb Stamboll me autobus (sipas programit) -Shoq\u00ebrues dhe guid\u00eb shqiptare, p\u00ebr t\u00eb gjith\u00eb dit\u00ebt e<\/p>\n<div class=\"padding-top text-center\"><a href=\"https:\/\/travel-plus.al\/index.php\/tours\/festat-ne-stamboll-selanik-sofje\/\" class=\"atbtn atbtn--medium atbtn--rounded atbtn--transparent\">Read more<i class=\"atbtn__icon atbtn__icon--right fa fa-long-arrow-right\"><\/i><\/a><\/div>\n","protected":false},"featured_media":710,"template":"","meta":[],"product_brand":[],"product_cat":[15],"product_tag":[],"class_list":{"0":"post-706","1":"product","2":"type-product","3":"status-publish","4":"has-post-thumbnail","6":"product_cat-uncategorized","7":"tour_category-festat-e-nentorit","8":"tour_category-fjetje-dhe-mengjes","9":"tour_category-paketa-kulturore","10":"tour_category-selanik","11":"tour_category-sofie","12":"tour_category-stamboll","14":"first","15":"instock","16":"shipping-taxable","17":"purchasable","18":"product-type-tour"},"_links":{"self":[{"href":"https:\/\/travel-plus.al\/index.php\/wp-json\/wp\/v2\/product\/706","targetHints":{"allow":["GET"]}}],"collection":[{"href":"https:\/\/travel-plus.al\/index.php\/wp-json\/wp\/v2\/product"}],"about":[{"href":"https:\/\/travel-plus.al\/index.php\/wp-json\/wp\/v2\/types\/product"}],"wp:featuredmedia":[{"embeddable":true,"href":"https:\/\/travel-plus.al\/index.php\/wp-json\/wp\/v2\/media\/710"}],"wp:attachment":[{"href":"https:\/\/travel-plus.al\/index.php\/wp-json\/wp\/v2\/media?parent=706"}],"wp:term":[{"taxonomy":"product_brand","embeddable":true,"href":"https:\/\/travel-plus.al\/index.php\/wp-json\/wp\/v2\/product_brand?post=706"},{"taxonomy":"product_cat","embeddable":true,"href":"https:\/\/travel-plus.al\/index.php\/wp-json\/wp\/v2\/product_cat?post=706"},{"taxonomy":"product_tag","embeddable":true,"href":"https:\/\/travel-plus.al\/index.php\/wp-json\/wp\/v2\/product_tag?post=706"}],"curies":[{"name":"wp","href":"https:\/\/api.w.org\/{rel}","templated":true}]}}