{"id":698,"date":"2022-04-04T08:13:26","date_gmt":"2022-04-04T08:13:26","guid":{"rendered":"https:\/\/travel-plus.al\/?post_type=product&#038;p=698"},"modified":"2022-11-02T10:42:05","modified_gmt":"2022-11-02T10:42:05","slug":"festat-e-nentorit-ne-sarajeve-dhe-beograd","status":"publish","type":"product","link":"https:\/\/travel-plus.al\/index.php\/tours\/festat-e-nentorit-ne-sarajeve-dhe-beograd\/","title":{"rendered":"FESTAT E N\u00cbNTORIT N\u00cb SARAJEV\u00cb DHE BEOGRAD"},"content":{"rendered":"<table class=\"table table-bordered tours-tabs__table\" style=\"width: 117.271%; height: 362px;\" width=\"862\">\n<tbody>\n<tr style=\"height: 24px;\">\n<td style=\"height: 24px; width: 21.5935%;\"><strong>Nisja<\/strong><\/td>\n<td style=\"height: 24px; width: 77.4827%;\">\u00a0Tirane<\/td>\n<\/tr>\n<tr style=\"height: 24px;\">\n<td style=\"height: 24px; width: 21.5935%;\"><strong>Data e Nisjes<\/strong><\/td>\n<td style=\"height: 24px; width: 77.4827%;\">26 Nentor<\/td>\n<\/tr>\n<tr style=\"height: 24px;\">\n<td style=\"height: 24px; width: 21.5935%;\"><strong>Dite qendrimi<\/strong><\/td>\n<td style=\"height: 24px; width: 77.4827%;\">4 Dite<\/td>\n<\/tr>\n<tr style=\"height: 24px;\">\n<td style=\"height: 24px; width: 21.5935%;\"><strong>\u00c7mimi<\/strong><\/td>\n<td style=\"height: 24px; width: 77.4827%;\">\u00a0129 \u20ac<\/td>\n<\/tr>\n<tr style=\"height: 160px;\">\n<td style=\"height: 160px; width: 21.5935%;\"><strong>P\u00cbRFSHIHEN<\/strong><\/td>\n<td style=\"height: 160px; width: 77.4827%;\">1. Udh\u00ebtimi vajtje &#8211; ardhje, Transfertat dhe sh\u00ebtitjet me autobus.<br \/>\n2. Akomodim n\u00eb hotel p\u00ebr 3 net\u00eb q\u00ebndrimi.<br \/>\n3. M\u00ebngjeset p\u00ebr t\u00eb gjitha net\u00ebt dhe Dark\u00eb n\u00eb Sarajev\u00eb.<br \/>\n4. Shoq\u00ebrues shqiptar gjat\u00eb q\u00ebndrimit jasht\u00eb Shqip\u00ebris\u00eb.<\/td>\n<\/tr>\n<tr style=\"height: 106px;\">\n<td style=\"height: 106px; width: 21.5935%;\"><b>NUK PERFSHIHEN<\/b><\/td>\n<td style=\"height: 106px; width: 77.4827%;\">1. Gjithshka q\u00eb nuk \u00ebsht\u00eb p\u00ebrmendur n\u00eb k\u00ebt\u00eb program.<br \/>\n2. Hyrjet n\u00eb monumente dhe muzeume.<\/td>\n<\/tr>\n<\/tbody>\n<\/table>\n<p>&nbsp;<\/p>\n","protected":false},"excerpt":{"rendered":"<p>Nisja \u00a0Tirane Data e Nisjes 26 Nentor Dite qendrimi 4 Dite \u00c7mimi \u00a0129 \u20ac P\u00cbRFSHIHEN 1. Udh\u00ebtimi vajtje &#8211; ardhje, Transfertat dhe sh\u00ebtitjet me autobus. 2. Akomodim n\u00eb hotel p\u00ebr 3 net\u00eb q\u00ebndrimi. 3. M\u00ebngjeset p\u00ebr t\u00eb gjitha net\u00ebt dhe Dark\u00eb n\u00eb Sarajev\u00eb. 4. Shoq\u00ebrues shqiptar gjat\u00eb q\u00ebndrimit jasht\u00eb Shqip\u00ebris\u00eb. NUK PERFSHIHEN 1. Gjithshka q\u00eb<\/p>\n<div class=\"padding-top text-center\"><a href=\"https:\/\/travel-plus.al\/index.php\/tours\/festat-e-nentorit-ne-sarajeve-dhe-beograd\/\" class=\"atbtn atbtn--medium atbtn--rounded atbtn--transparent\">Read more<i class=\"atbtn__icon atbtn__icon--right fa fa-long-arrow-right\"><\/i><\/a><\/div>\n","protected":false},"featured_media":700,"template":"","meta":[],"product_brand":[],"product_cat":[15],"product_tag":[],"class_list":{"0":"post-698","1":"product","2":"type-product","3":"status-publish","4":"has-post-thumbnail","6":"product_cat-uncategorized","7":"tour_category-beograd","8":"tour_category-festat-e-nentorit","9":"tour_category-fjetje-dhe-mengjes","10":"tour_category-paketa-kulturore","11":"tour_category-sarajeve","12":"tour_category-udhetim","14":"first","15":"instock","16":"shipping-taxable","17":"purchasable","18":"product-type-tour"},"_links":{"self":[{"href":"https:\/\/travel-plus.al\/index.php\/wp-json\/wp\/v2\/product\/698","targetHints":{"allow":["GET"]}}],"collection":[{"href":"https:\/\/travel-plus.al\/index.php\/wp-json\/wp\/v2\/product"}],"about":[{"href":"https:\/\/travel-plus.al\/index.php\/wp-json\/wp\/v2\/types\/product"}],"wp:featuredmedia":[{"embeddable":true,"href":"https:\/\/travel-plus.al\/index.php\/wp-json\/wp\/v2\/media\/700"}],"wp:attachment":[{"href":"https:\/\/travel-plus.al\/index.php\/wp-json\/wp\/v2\/media?parent=698"}],"wp:term":[{"taxonomy":"product_brand","embeddable":true,"href":"https:\/\/travel-plus.al\/index.php\/wp-json\/wp\/v2\/product_brand?post=698"},{"taxonomy":"product_cat","embeddable":true,"href":"https:\/\/travel-plus.al\/index.php\/wp-json\/wp\/v2\/product_cat?post=698"},{"taxonomy":"product_tag","embeddable":true,"href":"https:\/\/travel-plus.al\/index.php\/wp-json\/wp\/v2\/product_tag?post=698"}],"curies":[{"name":"wp","href":"https:\/\/api.w.org\/{rel}","templated":true}]}}