{"id":694,"date":"2022-04-04T08:10:16","date_gmt":"2022-04-04T08:10:16","guid":{"rendered":"https:\/\/travel-plus.al\/?post_type=product&#038;p=694"},"modified":"2022-11-02T10:39:54","modified_gmt":"2022-11-02T10:39:54","slug":"festat-e-nentorit-ne-kryeqytetet-skandinave","status":"publish","type":"product","link":"https:\/\/travel-plus.al\/index.php\/tours\/festat-e-nentorit-ne-kryeqytetet-skandinave\/","title":{"rendered":"FESTAT E N\u00cbNTORIT N\u00cb KRYEQYTETET SKANDINAVE"},"content":{"rendered":"<table class=\"table table-bordered tours-tabs__table\" style=\"width: 117.271%; height: 362px;\" width=\"862\">\n<tbody>\n<tr style=\"height: 24px;\">\n<td style=\"height: 24px; width: 21.5935%;\"><strong>Nisja<\/strong><\/td>\n<td style=\"height: 24px; width: 77.4827%;\">\u00a0Tirane<\/td>\n<\/tr>\n<tr style=\"height: 24px;\">\n<td style=\"height: 24px; width: 21.5935%;\"><strong>Data e Nisjes<\/strong><\/td>\n<td style=\"height: 24px; width: 77.4827%;\">27 Nentor<\/td>\n<\/tr>\n<tr style=\"height: 24px;\">\n<td style=\"height: 24px; width: 21.5935%;\"><strong>Dite qendrimi<\/strong><\/td>\n<td style=\"height: 24px; width: 77.4827%;\">5 Dite<\/td>\n<\/tr>\n<tr style=\"height: 24px;\">\n<td style=\"height: 24px; width: 21.5935%;\"><strong>\u00c7mimi<\/strong><\/td>\n<td style=\"height: 24px; width: 77.4827%;\">\u00a0549 \u20ac<\/td>\n<\/tr>\n<tr style=\"height: 160px;\">\n<td style=\"height: 160px; width: 21.5935%;\"><strong>P\u00cbRFSHIHEN<\/strong><\/td>\n<td style=\"height: 160px; width: 77.4827%;\">1. Bileta Vajtje me Avion Direkt Tiran\u00eb &#8211; Stockholm dhe Kthimi me avion Malm\u00f6 &#8211; Tiran\u00eb.<br \/>\n2. Transfertat nga Aeroporti n\u00eb Hotel dhe anasjelltas<br \/>\n3. Fjetje 1 nat\u00eb n\u00eb Stokholm, 1 nat\u00eb n\u00eb \u00d6rebro, 1 nat\u00eb n\u00eb Oslo 1 nat\u00eb n\u00eb Kopenhagen.<br \/>\n4. M\u00ebngjeset p\u00ebr t\u00eb gjitha dit\u00ebt e udh\u00ebtimit.<br \/>\n5. Shoq\u00ebrues shqiptar gjat\u00eb q\u00ebndrimit jasht\u00eb Shqip\u00ebris\u00eb.<br \/>\n6. Guid\u00eb Vendase gjat\u00eb vizitave sipas programit.<br \/>\n7. Lejohet t\u00eb merret n\u00eb avion vet\u00ebm nj\u00eb \u00e7ant\u00eb me p\u00ebrmasa deri n\u00eb (40x20x20cm)cm. (Kujdes &#8211; Mbi k\u00ebto p\u00ebrmasa ka shpenzime t\u00eb m\u00ebdha ekstra).<\/td>\n<\/tr>\n<tr style=\"height: 106px;\">\n<td style=\"height: 106px; width: 21.5935%;\"><b>NUK PERFSHIHEN<\/b><\/td>\n<td style=\"height: 106px; width: 77.4827%;\">1. Gjithshka q\u00eb nuk \u00ebsht\u00eb p\u00ebrmendur n\u00eb k\u00ebt\u00eb program.<br \/>\n2. Hyrjet n\u00eb monumente dhe muzeume.<\/td>\n<\/tr>\n<\/tbody>\n<\/table>\n<p>&nbsp;<\/p>\n","protected":false},"excerpt":{"rendered":"<p>Nisja \u00a0Tirane Data e Nisjes 27 Nentor Dite qendrimi 5 Dite \u00c7mimi \u00a0549 \u20ac P\u00cbRFSHIHEN 1. Bileta Vajtje me Avion Direkt Tiran\u00eb &#8211; Stockholm dhe Kthimi me avion Malm\u00f6 &#8211; Tiran\u00eb. 2. Transfertat nga Aeroporti n\u00eb Hotel dhe anasjelltas 3. Fjetje 1 nat\u00eb n\u00eb Stokholm, 1 nat\u00eb n\u00eb \u00d6rebro, 1 nat\u00eb n\u00eb Oslo 1 nat\u00eb<\/p>\n<div class=\"padding-top text-center\"><a href=\"https:\/\/travel-plus.al\/index.php\/tours\/festat-e-nentorit-ne-kryeqytetet-skandinave\/\" class=\"atbtn atbtn--medium atbtn--rounded atbtn--transparent\">Read more<i class=\"atbtn__icon atbtn__icon--right fa fa-long-arrow-right\"><\/i><\/a><\/div>\n","protected":false},"featured_media":697,"template":"","meta":[],"product_brand":[],"product_cat":[15],"product_tag":[],"class_list":{"0":"post-694","1":"product","2":"type-product","3":"status-publish","4":"has-post-thumbnail","6":"product_cat-uncategorized","7":"tour_category-festat-e-nentorit","8":"tour_category-fjetje-dhe-mengjes","9":"tour_category-paketa-kulturore","10":"tour_category-skandinavi","11":"tour_category-udhetim","13":"first","14":"instock","15":"shipping-taxable","16":"purchasable","17":"product-type-tour"},"_links":{"self":[{"href":"https:\/\/travel-plus.al\/index.php\/wp-json\/wp\/v2\/product\/694","targetHints":{"allow":["GET"]}}],"collection":[{"href":"https:\/\/travel-plus.al\/index.php\/wp-json\/wp\/v2\/product"}],"about":[{"href":"https:\/\/travel-plus.al\/index.php\/wp-json\/wp\/v2\/types\/product"}],"wp:featuredmedia":[{"embeddable":true,"href":"https:\/\/travel-plus.al\/index.php\/wp-json\/wp\/v2\/media\/697"}],"wp:attachment":[{"href":"https:\/\/travel-plus.al\/index.php\/wp-json\/wp\/v2\/media?parent=694"}],"wp:term":[{"taxonomy":"product_brand","embeddable":true,"href":"https:\/\/travel-plus.al\/index.php\/wp-json\/wp\/v2\/product_brand?post=694"},{"taxonomy":"product_cat","embeddable":true,"href":"https:\/\/travel-plus.al\/index.php\/wp-json\/wp\/v2\/product_cat?post=694"},{"taxonomy":"product_tag","embeddable":true,"href":"https:\/\/travel-plus.al\/index.php\/wp-json\/wp\/v2\/product_tag?post=694"}],"curies":[{"name":"wp","href":"https:\/\/api.w.org\/{rel}","templated":true}]}}