{"id":685,"date":"2022-03-29T08:21:43","date_gmt":"2022-03-29T08:21:43","guid":{"rendered":"https:\/\/travel-plus.al\/?post_type=product&#038;p=685"},"modified":"2022-11-02T10:30:26","modified_gmt":"2022-11-02T10:30:26","slug":"festat-e-nentorit-ne-madrid-dhe-barcelone","status":"publish","type":"product","link":"https:\/\/travel-plus.al\/index.php\/tours\/festat-e-nentorit-ne-madrid-dhe-barcelone\/","title":{"rendered":"FESTAT E N\u00cbNTORIT N\u00cb MADRID &#8211; BARCELON\u00cb"},"content":{"rendered":"<table class=\"table table-bordered tours-tabs__table\" style=\"width: 117.271%; height: 362px;\" width=\"862\">\n<tbody>\n<tr style=\"height: 24px;\">\n<td style=\"height: 24px; width: 21.5935%;\"><strong>Nisja<\/strong><\/td>\n<td style=\"height: 24px; width: 77.4827%;\">\u00a0Tirane<\/td>\n<\/tr>\n<tr style=\"height: 24px;\">\n<td style=\"height: 24px; width: 21.5935%;\"><strong>Data e Nisjes<\/strong><\/td>\n<td style=\"height: 24px; width: 77.4827%;\">28 Nentor<\/td>\n<\/tr>\n<tr style=\"height: 24px;\">\n<td style=\"height: 24px; width: 21.5935%;\"><strong>Dite qendrimi<\/strong><\/td>\n<td style=\"height: 24px; width: 77.4827%;\">5 Dite<\/td>\n<\/tr>\n<tr style=\"height: 24px;\">\n<td style=\"height: 24px; width: 21.5935%;\"><strong>\u00c7mimi<\/strong><\/td>\n<td style=\"height: 24px; width: 77.4827%;\">\u00a0499 \u20ac<\/td>\n<\/tr>\n<tr style=\"height: 160px;\">\n<td style=\"height: 160px; width: 21.5935%;\"><strong>P\u00cbRFSHIHEN<\/strong><\/td>\n<td style=\"height: 160px; width: 77.4827%;\">1. Udh\u00ebtimi vajtje-ardhje me avion Tiran\u00eb &#8211; Barcelon\u00eb dhe Madrid &#8211; Tiran\u00eb.<br \/>\n2. Transfertat dhe Sh\u00ebtitjet me autobus.<br \/>\n3. Akomodim n\u00eb hotel p\u00ebr 4 net, Fjetje 1 nat\u00eb n\u00eb Barcelon\u00eb, 1 nat\u00eb n\u00eb Saragosa, 2 net n\u00eb Madrid.<br \/>\n4. M\u00ebngjeset p\u00ebr t\u00eb gjitha dit\u00ebt e udh\u00ebtimit.<br \/>\n5. Shoq\u00ebrues shqiptar gjat\u00eb q\u00ebndrimit jasht\u00eb Shqip\u00ebris\u00eb.<br \/>\n6. Lejohet t\u00eb merret me vete n\u00eb avion vet\u00ebm nj\u00eb bagazh me p\u00ebrmasa deri n\u00eb (40x30x20cm). (Kujdes &#8211; Mbi k\u00ebto p\u00ebrmasa dhe Bagazh p\u00ebr checkin ka shpenzime ekstra).<\/td>\n<\/tr>\n<tr style=\"height: 106px;\">\n<td style=\"height: 106px; width: 21.5935%;\"><b>NUK PERFSHIHEN<\/b><\/td>\n<td style=\"height: 106px; width: 77.4827%;\">1. Gjithshka q\u00eb nuk \u00ebsht\u00eb p\u00ebrmendur n\u00eb k\u00ebt\u00eb program.<br \/>\n2. Hyrjet n\u00eb monumente dhe muzeume.<\/td>\n<\/tr>\n<\/tbody>\n<\/table>\n<p>&nbsp;<\/p>\n","protected":false},"excerpt":{"rendered":"<p>Nisja \u00a0Tirane Data e Nisjes 28 Nentor Dite qendrimi 5 Dite \u00c7mimi \u00a0499 \u20ac P\u00cbRFSHIHEN 1. Udh\u00ebtimi vajtje-ardhje me avion Tiran\u00eb &#8211; Barcelon\u00eb dhe Madrid &#8211; Tiran\u00eb. 2. Transfertat dhe Sh\u00ebtitjet me autobus. 3. Akomodim n\u00eb hotel p\u00ebr 4 net, Fjetje 1 nat\u00eb n\u00eb Barcelon\u00eb, 1 nat\u00eb n\u00eb Saragosa, 2 net n\u00eb Madrid. 4. M\u00ebngjeset<\/p>\n<div class=\"padding-top text-center\"><a href=\"https:\/\/travel-plus.al\/index.php\/tours\/festat-e-nentorit-ne-madrid-dhe-barcelone\/\" class=\"atbtn atbtn--medium atbtn--rounded atbtn--transparent\">Read more<i class=\"atbtn__icon atbtn__icon--right fa fa-long-arrow-right\"><\/i><\/a><\/div>\n","protected":false},"featured_media":687,"template":"","meta":[],"product_brand":[],"product_cat":[15],"product_tag":[],"class_list":{"0":"post-685","1":"product","2":"type-product","3":"status-publish","4":"has-post-thumbnail","6":"product_cat-uncategorized","7":"tour_category-barcelone","8":"tour_category-festat-e-nentorit","9":"tour_category-fjetje-dhe-mengjes","10":"tour_category-madrid","11":"tour_category-paketa-kulturore","12":"tour_category-spanje","13":"tour_category-udhetim","15":"first","16":"instock","17":"shipping-taxable","18":"purchasable","19":"product-type-tour"},"_links":{"self":[{"href":"https:\/\/travel-plus.al\/index.php\/wp-json\/wp\/v2\/product\/685","targetHints":{"allow":["GET"]}}],"collection":[{"href":"https:\/\/travel-plus.al\/index.php\/wp-json\/wp\/v2\/product"}],"about":[{"href":"https:\/\/travel-plus.al\/index.php\/wp-json\/wp\/v2\/types\/product"}],"wp:featuredmedia":[{"embeddable":true,"href":"https:\/\/travel-plus.al\/index.php\/wp-json\/wp\/v2\/media\/687"}],"wp:attachment":[{"href":"https:\/\/travel-plus.al\/index.php\/wp-json\/wp\/v2\/media?parent=685"}],"wp:term":[{"taxonomy":"product_brand","embeddable":true,"href":"https:\/\/travel-plus.al\/index.php\/wp-json\/wp\/v2\/product_brand?post=685"},{"taxonomy":"product_cat","embeddable":true,"href":"https:\/\/travel-plus.al\/index.php\/wp-json\/wp\/v2\/product_cat?post=685"},{"taxonomy":"product_tag","embeddable":true,"href":"https:\/\/travel-plus.al\/index.php\/wp-json\/wp\/v2\/product_tag?post=685"}],"curies":[{"name":"wp","href":"https:\/\/api.w.org\/{rel}","templated":true}]}}