{"id":682,"date":"2022-03-29T07:19:09","date_gmt":"2022-03-29T07:19:09","guid":{"rendered":"https:\/\/travel-plus.al\/?post_type=product&#038;p=682"},"modified":"2022-11-23T09:02:06","modified_gmt":"2022-11-23T09:02:06","slug":"krishtlindje-abu-dhabi-dhe-dubai","status":"publish","type":"product","link":"https:\/\/travel-plus.al\/index.php\/tours\/krishtlindje-abu-dhabi-dhe-dubai\/","title":{"rendered":"KRISHTLINDJE N\u00cb ABU DHABI DHE DUBAI"},"content":{"rendered":"<table class=\"table table-bordered tours-tabs__table\" style=\"width: 117.271%; height: 362px;\" width=\"862\">\n<tbody>\n<tr style=\"height: 24px;\">\n<td style=\"height: 24px; width: 21.5935%;\"><strong>Nisja<\/strong><\/td>\n<td style=\"height: 24px; width: 77.4827%;\">\u00a0Tirane<\/td>\n<\/tr>\n<tr style=\"height: 24px;\">\n<td style=\"height: 24px; width: 21.5935%;\"><strong>Data e Nisjes<\/strong><\/td>\n<td style=\"height: 24px; width: 77.4827%;\">24 Dhjetor<\/td>\n<\/tr>\n<tr style=\"height: 24px;\">\n<td style=\"height: 24px; width: 21.5935%;\"><strong>Dite qendrimi<\/strong><\/td>\n<td style=\"height: 24px; width: 77.4827%;\">5 Dite<\/td>\n<\/tr>\n<tr style=\"height: 24px;\">\n<td style=\"height: 24px; width: 21.5935%;\"><strong>\u00c7mimi<\/strong><\/td>\n<td style=\"height: 24px; width: 77.4827%;\">599 \u20ac<\/td>\n<\/tr>\n<tr style=\"height: 160px;\">\n<td style=\"height: 160px; width: 21.5935%;\"><strong>P\u00cbRFSHIHEN<\/strong><\/td>\n<td style=\"height: 160px; width: 77.4827%;\">\u2022 Bileta e Avionit Vajtje \u2013 Ardhje.<br \/>\n\u2022 Transfertat nga Aeroporti n\u00eb Hotel dhe anasjelltas<br \/>\n\u2022 Akomodimi n\u00eb Hotel n\u00eb Abu Dhabi dhe Dubai.<br \/>\n\u2022 M\u00ebngjeset n\u00eb Hotel.<br \/>\n\u2022 Sh\u00ebtitjet me Autobus sipas Programit.<br \/>\n\u2022 Shoq\u00ebrues n\u00eb shqip gjat\u00eb gjith\u00eb udh\u00ebtimit.<br \/>\n\u2022 Guida vendase n\u00eb disa Sh\u00ebtitje.<br \/>\n\u2022 Vet\u00ebm 1 \u00e7ant\u00eb shpine.<br \/>\nSh\u00ebnim: N\u00eb cmim nuk p\u00ebrfshihet tarifa e viz\u00ebs s\u00eb hyrjes n\u00eb Dubai prej 89 Euro dhe Siguracioni Sh\u00ebndet\u00ebsor \u20ac15 dhe t\u00eb gjitha sh\u00ebrbimet Opsionale.<\/td>\n<\/tr>\n<tr style=\"height: 106px;\">\n<td style=\"height: 106px; width: 21.5935%;\"><b>OPSIONALE<\/b><\/td>\n<td style=\"height: 106px; width: 77.4827%;\">1. Shtes\u00eb p\u00ebr Viz\u00eb Hyrje &#8211; \u20ac79<br \/>\n2. Xhiro me Anije Catamaran n\u00eb Dubai Marina me transfert\u00eb &#8211; \u20ac42<br \/>\n3. Darke 4 Set menu + 1 pije me Pamje nga Shfaqja me Shatervani &#8211; \u20ac37<br \/>\n4. Ngjitje n\u00eb Nd\u00ebrtes\u00ebn m\u00eb t\u00eb lart\u00eb Burj Khalifa me transfert\u00eb- \u20ac55<br \/>\n5. Bilet\u00eb hyrje tek Dubai Frame me transfert\u00eb &#8211; \u20ac47<br \/>\n6. Sh\u00ebtitje dhe Dark\u00eb Safari n\u00eb Shkret\u00ebtir\u00eb me transfert\u00eb- \u20ac47<\/td>\n<\/tr>\n<\/tbody>\n<\/table>\n<p>&nbsp;<\/p>\n","protected":false},"excerpt":{"rendered":"<p>Nisja \u00a0Tirane Data e Nisjes 24 Dhjetor Dite qendrimi 5 Dite \u00c7mimi 599 \u20ac P\u00cbRFSHIHEN \u2022 Bileta e Avionit Vajtje \u2013 Ardhje. \u2022 Transfertat nga Aeroporti n\u00eb Hotel dhe anasjelltas \u2022 Akomodimi n\u00eb Hotel n\u00eb Abu Dhabi dhe Dubai. \u2022 M\u00ebngjeset n\u00eb Hotel. \u2022 Sh\u00ebtitjet me Autobus sipas Programit. \u2022 Shoq\u00ebrues n\u00eb shqip gjat\u00eb gjith\u00eb<\/p>\n<div class=\"padding-top text-center\"><a href=\"https:\/\/travel-plus.al\/index.php\/tours\/krishtlindje-abu-dhabi-dhe-dubai\/\" class=\"atbtn atbtn--medium atbtn--rounded atbtn--transparent\">Read more<i class=\"atbtn__icon atbtn__icon--right fa fa-long-arrow-right\"><\/i><\/a><\/div>\n","protected":false},"featured_media":683,"template":"","meta":[],"product_brand":[],"product_cat":[15],"product_tag":[],"class_list":{"0":"post-682","1":"product","2":"type-product","3":"status-publish","4":"has-post-thumbnail","6":"product_cat-uncategorized","7":"tour_category-dubai","8":"tour_category-krishtlindje","9":"tour_category-paketa-kulturore","10":"tour_category-udhetim","12":"first","13":"instock","14":"shipping-taxable","15":"purchasable","16":"product-type-tour"},"_links":{"self":[{"href":"https:\/\/travel-plus.al\/index.php\/wp-json\/wp\/v2\/product\/682","targetHints":{"allow":["GET"]}}],"collection":[{"href":"https:\/\/travel-plus.al\/index.php\/wp-json\/wp\/v2\/product"}],"about":[{"href":"https:\/\/travel-plus.al\/index.php\/wp-json\/wp\/v2\/types\/product"}],"wp:featuredmedia":[{"embeddable":true,"href":"https:\/\/travel-plus.al\/index.php\/wp-json\/wp\/v2\/media\/683"}],"wp:attachment":[{"href":"https:\/\/travel-plus.al\/index.php\/wp-json\/wp\/v2\/media?parent=682"}],"wp:term":[{"taxonomy":"product_brand","embeddable":true,"href":"https:\/\/travel-plus.al\/index.php\/wp-json\/wp\/v2\/product_brand?post=682"},{"taxonomy":"product_cat","embeddable":true,"href":"https:\/\/travel-plus.al\/index.php\/wp-json\/wp\/v2\/product_cat?post=682"},{"taxonomy":"product_tag","embeddable":true,"href":"https:\/\/travel-plus.al\/index.php\/wp-json\/wp\/v2\/product_tag?post=682"}],"curies":[{"name":"wp","href":"https:\/\/api.w.org\/{rel}","templated":true}]}}