{"id":680,"date":"2022-03-28T09:11:23","date_gmt":"2022-03-28T09:11:23","guid":{"rendered":"https:\/\/travel-plus.al\/?post_type=product&#038;p=680"},"modified":"2022-11-23T07:51:12","modified_gmt":"2022-11-23T07:51:12","slug":"krishtlindje-ne-paris-mynih","status":"publish","type":"product","link":"https:\/\/travel-plus.al\/index.php\/tours\/krishtlindje-ne-paris-mynih\/","title":{"rendered":"KRISHTLINDJE N\u00cb PARIS &#038; MYNIH"},"content":{"rendered":"<table class=\"table table-bordered tours-tabs__table\" style=\"width: 117.271%; height: 362px;\" width=\"862\">\n<tbody>\n<tr style=\"height: 24px;\">\n<td style=\"height: 24px; width: 21.5935%;\"><strong>Nisja<\/strong><\/td>\n<td style=\"height: 24px; width: 77.4827%;\">\u00a0Tirane<\/td>\n<\/tr>\n<tr style=\"height: 24px;\">\n<td style=\"height: 24px; width: 21.5935%;\"><strong>Data e Nisjes<\/strong><\/td>\n<td style=\"height: 24px; width: 77.4827%;\">22 Dhjetor<\/td>\n<\/tr>\n<tr style=\"height: 24px;\">\n<td style=\"height: 24px; width: 21.5935%;\"><strong>Dite qendrimi<\/strong><\/td>\n<td style=\"height: 24px; width: 77.4827%;\">7 Dite<\/td>\n<\/tr>\n<tr style=\"height: 24px;\">\n<td style=\"height: 24px; width: 21.5935%;\"><strong>\u00c7mimi<\/strong><\/td>\n<td style=\"height: 24px; width: 77.4827%;\">\u00a0399 \u20ac<\/td>\n<\/tr>\n<tr style=\"height: 160px;\">\n<td style=\"height: 160px; width: 21.5935%;\"><strong>P\u00cbRFSHIHEN<\/strong><\/td>\n<td style=\"height: 160px; width: 77.4827%;\">1. Udh\u00ebtimi me autobus Tiran\u00eb &#8211; Zagreb &#8211; Mynih &#8211; Paris &#8211; Milano &#8211; Tiran\u00eb.<br \/>\n2. Akomodim n\u00eb hotel: Fjetje 2 net\u00eb n\u00eb Paris, 1 nat\u00eb n\u00eb Bourg en Bresse, 1 nat\u00eb n\u00eb Zagreb, 1 nat\u00eb n\u00eb Mynih dhe 1 nat\u00eb n\u00eb Trieste.<br \/>\n3. M\u00ebngjeset p\u00ebr t\u00eb gjitha dit\u00ebt e udh\u00ebtimit.<br \/>\n4. Sh\u00ebtitjet me autobus sipas programit.<br \/>\n5. Shoq\u00ebrues shqiptar gjat\u00eb q\u00ebndrimit jasht\u00eb Shqip\u00ebris\u00eb.<\/td>\n<\/tr>\n<tr style=\"height: 106px;\">\n<td style=\"height: 106px; width: 21.5935%;\"><b>NUK P\u00cbRFSHIHEN<\/b><\/td>\n<td style=\"height: 106px; width: 77.4827%;\">\n<table class=\"table table-bordered\" width=\"575\">\n<tbody>\n<tr>\n<td>1. Gjithshka q\u00eb nuk \u00ebsht\u00eb p\u00ebrmendur n\u00eb k\u00ebt\u00eb program.<br \/>\n2. Hyrjet n\u00eb monumente dhe muzeume.<\/td>\n<\/tr>\n<\/tbody>\n<\/table>\n<\/td>\n<\/tr>\n<\/tbody>\n<\/table>\n<p>&nbsp;<\/p>\n","protected":false},"excerpt":{"rendered":"<p>Nisja \u00a0Tirane Data e Nisjes 22 Dhjetor Dite qendrimi 7 Dite \u00c7mimi \u00a0399 \u20ac P\u00cbRFSHIHEN 1. Udh\u00ebtimi me autobus Tiran\u00eb &#8211; Zagreb &#8211; Mynih &#8211; Paris &#8211; Milano &#8211; Tiran\u00eb. 2. Akomodim n\u00eb hotel: Fjetje 2 net\u00eb n\u00eb Paris, 1 nat\u00eb n\u00eb Bourg en Bresse, 1 nat\u00eb n\u00eb Zagreb, 1 nat\u00eb n\u00eb Mynih dhe 1<\/p>\n<div class=\"padding-top text-center\"><a href=\"https:\/\/travel-plus.al\/index.php\/tours\/krishtlindje-ne-paris-mynih\/\" class=\"atbtn atbtn--medium atbtn--rounded atbtn--transparent\">Read more<i class=\"atbtn__icon atbtn__icon--right fa fa-long-arrow-right\"><\/i><\/a><\/div>\n","protected":false},"featured_media":681,"template":"","meta":[],"product_brand":[],"product_cat":[15],"product_tag":[],"class_list":{"0":"post-680","1":"product","2":"type-product","3":"status-publish","4":"has-post-thumbnail","6":"product_cat-uncategorized","7":"tour_category-fjetje-dhe-mengjes","8":"tour_category-krishtlindje","9":"tour_category-mengjes","10":"tour_category-paketa-kulturore","11":"tour_category-paris","12":"tour_category-udhetim","14":"first","15":"instock","16":"shipping-taxable","17":"purchasable","18":"product-type-tour"},"_links":{"self":[{"href":"https:\/\/travel-plus.al\/index.php\/wp-json\/wp\/v2\/product\/680","targetHints":{"allow":["GET"]}}],"collection":[{"href":"https:\/\/travel-plus.al\/index.php\/wp-json\/wp\/v2\/product"}],"about":[{"href":"https:\/\/travel-plus.al\/index.php\/wp-json\/wp\/v2\/types\/product"}],"wp:featuredmedia":[{"embeddable":true,"href":"https:\/\/travel-plus.al\/index.php\/wp-json\/wp\/v2\/media\/681"}],"wp:attachment":[{"href":"https:\/\/travel-plus.al\/index.php\/wp-json\/wp\/v2\/media?parent=680"}],"wp:term":[{"taxonomy":"product_brand","embeddable":true,"href":"https:\/\/travel-plus.al\/index.php\/wp-json\/wp\/v2\/product_brand?post=680"},{"taxonomy":"product_cat","embeddable":true,"href":"https:\/\/travel-plus.al\/index.php\/wp-json\/wp\/v2\/product_cat?post=680"},{"taxonomy":"product_tag","embeddable":true,"href":"https:\/\/travel-plus.al\/index.php\/wp-json\/wp\/v2\/product_tag?post=680"}],"curies":[{"name":"wp","href":"https:\/\/api.w.org\/{rel}","templated":true}]}}