{"id":674,"date":"2022-03-28T09:07:49","date_gmt":"2022-03-28T09:07:49","guid":{"rendered":"https:\/\/travel-plus.al\/?post_type=product&#038;p=674"},"modified":"2022-11-02T10:22:24","modified_gmt":"2022-11-02T10:22:24","slug":"zyrih-gjeneve-bazel","status":"publish","type":"product","link":"https:\/\/travel-plus.al\/index.php\/tours\/zyrih-gjeneve-bazel\/","title":{"rendered":"FESTAT E N\u00cbNTORIT N\u00cb ZYRIH, GJENEV\u00cb DHE BAZEL"},"content":{"rendered":"<table class=\"table table-bordered tours-tabs__table\" style=\"width: 117.271%; height: 362px;\" width=\"862\">\n<tbody>\n<tr style=\"height: 24px;\">\n<td style=\"height: 24px; width: 21.5935%;\"><strong>Nisja<\/strong><\/td>\n<td style=\"height: 24px; width: 77.4827%;\">\u00a0Tirane<\/td>\n<\/tr>\n<tr style=\"height: 24px;\">\n<td style=\"height: 24px; width: 21.5935%;\"><strong>Data e Nisjes<\/strong><\/td>\n<td style=\"height: 24px; width: 77.4827%;\">26 Nentor<\/td>\n<\/tr>\n<tr style=\"height: 24px;\">\n<td style=\"height: 24px; width: 21.5935%;\"><strong>Dite qendrimi<\/strong><\/td>\n<td style=\"height: 24px; width: 77.4827%;\">4 Dite<\/td>\n<\/tr>\n<tr style=\"height: 24px;\">\n<td style=\"height: 24px; width: 21.5935%;\"><strong>\u00c7mimi<\/strong><\/td>\n<td style=\"height: 24px; width: 77.4827%;\">\u00a0399 \u20ac<\/td>\n<\/tr>\n<tr style=\"height: 160px;\">\n<td style=\"height: 160px; width: 21.5935%;\"><strong>P\u00cbRFSHIHEN<\/strong><\/td>\n<td style=\"height: 160px; width: 77.4827%;\">1. Udh\u00ebtimi vajtje-ardhje me avion Tiran\u00eb &#8211; Bazel dhe Gjenev\u00eb &#8211; Tiran\u00eb.<br \/>\n2. Transfertat dhe sh\u00ebtitjet me autobus n\u00eb Zvic\u00ebr.<br \/>\n4. Akomodim n\u00eb hotel p\u00ebr 3 net q\u00ebndrimi.<br \/>\n5. M\u00ebngjeset p\u00ebr t\u00eb gjitha dit\u00ebt e udh\u00ebtimit.<br \/>\n6. Shoq\u00ebrues shqiptar gjat\u00eb q\u00ebndrimit jasht\u00eb Shqip\u00ebris\u00eb.<br \/>\n7. Lejohet t\u00eb merret me vete n\u00eb avion vet\u00ebm nj\u00eb \u00e7ant\u00eb me p\u00ebrmasa deri n\u00eb 40 x 30 x 20cm. (Kujdes &#8211; Mbi k\u00ebto p\u00ebrmasa dhe Bagazh p\u00ebr checkin ka shpenzime ekstra).<\/td>\n<\/tr>\n<tr style=\"height: 106px;\">\n<td style=\"height: 106px; width: 21.5935%;\"><b>NUK P\u00cbRFSHIHEN<\/b><\/td>\n<td style=\"height: 106px; width: 77.4827%;\">\n<table class=\"table table-bordered\" width=\"575\">\n<tbody>\n<tr>\n<td>1. Gjithshka q\u00eb nuk \u00ebsht\u00eb p\u00ebrmendur n\u00eb k\u00ebt\u00eb program.<br \/>\n2. Hyrjet n\u00eb monumente dhe muzeume.<\/td>\n<\/tr>\n<\/tbody>\n<\/table>\n<\/td>\n<\/tr>\n<\/tbody>\n<\/table>\n<p>&nbsp;<\/p>\n","protected":false},"excerpt":{"rendered":"<p>Nisja \u00a0Tirane Data e Nisjes 26 Nentor Dite qendrimi 4 Dite \u00c7mimi \u00a0399 \u20ac P\u00cbRFSHIHEN 1. Udh\u00ebtimi vajtje-ardhje me avion Tiran\u00eb &#8211; Bazel dhe Gjenev\u00eb &#8211; Tiran\u00eb. 2. Transfertat dhe sh\u00ebtitjet me autobus n\u00eb Zvic\u00ebr. 4. Akomodim n\u00eb hotel p\u00ebr 3 net q\u00ebndrimi. 5. M\u00ebngjeset p\u00ebr t\u00eb gjitha dit\u00ebt e udh\u00ebtimit. 6. Shoq\u00ebrues shqiptar gjat\u00eb<\/p>\n<div class=\"padding-top text-center\"><a href=\"https:\/\/travel-plus.al\/index.php\/tours\/zyrih-gjeneve-bazel\/\" class=\"atbtn atbtn--medium atbtn--rounded atbtn--transparent\">Read more<i class=\"atbtn__icon atbtn__icon--right fa fa-long-arrow-right\"><\/i><\/a><\/div>\n","protected":false},"featured_media":677,"template":"","meta":[],"product_brand":[],"product_cat":[15],"product_tag":[],"class_list":{"0":"post-674","1":"product","2":"type-product","3":"status-publish","4":"has-post-thumbnail","6":"product_cat-uncategorized","7":"tour_category-basel","8":"tour_category-festat-e-nentorit","9":"tour_category-fjetje-dhe-mengjes","10":"tour_category-paketa-kulturore","11":"tour_category-udhetim","13":"first","14":"instock","15":"shipping-taxable","16":"purchasable","17":"product-type-tour"},"_links":{"self":[{"href":"https:\/\/travel-plus.al\/index.php\/wp-json\/wp\/v2\/product\/674","targetHints":{"allow":["GET"]}}],"collection":[{"href":"https:\/\/travel-plus.al\/index.php\/wp-json\/wp\/v2\/product"}],"about":[{"href":"https:\/\/travel-plus.al\/index.php\/wp-json\/wp\/v2\/types\/product"}],"wp:featuredmedia":[{"embeddable":true,"href":"https:\/\/travel-plus.al\/index.php\/wp-json\/wp\/v2\/media\/677"}],"wp:attachment":[{"href":"https:\/\/travel-plus.al\/index.php\/wp-json\/wp\/v2\/media?parent=674"}],"wp:term":[{"taxonomy":"product_brand","embeddable":true,"href":"https:\/\/travel-plus.al\/index.php\/wp-json\/wp\/v2\/product_brand?post=674"},{"taxonomy":"product_cat","embeddable":true,"href":"https:\/\/travel-plus.al\/index.php\/wp-json\/wp\/v2\/product_cat?post=674"},{"taxonomy":"product_tag","embeddable":true,"href":"https:\/\/travel-plus.al\/index.php\/wp-json\/wp\/v2\/product_tag?post=674"}],"curies":[{"name":"wp","href":"https:\/\/api.w.org\/{rel}","templated":true}]}}