{"id":618,"date":"2022-03-25T07:41:46","date_gmt":"2022-03-25T07:41:46","guid":{"rendered":"https:\/\/travel-plus.al\/?post_type=product&#038;p=618"},"modified":"2022-03-25T10:06:42","modified_gmt":"2022-03-25T10:06:42","slug":"dubai-dhe-phuket","status":"publish","type":"product","link":"https:\/\/travel-plus.al\/index.php\/tours\/dubai-dhe-phuket\/","title":{"rendered":"TUR N\u00cb DUBAI DHE ABU DHABI DHE PLAZH N\u00cb PHUKET"},"content":{"rendered":"<table class=\"table table-bordered tours-tabs__table\" style=\"width: 117.271%; height: 362px;\" width=\"862\">\n<tbody>\n<tr style=\"height: 24px;\">\n<td style=\"height: 24px; width: 21.5935%;\"><strong>Nisja<\/strong><\/td>\n<td style=\"height: 24px; width: 77.4827%;\">\u00a0Tirane<\/td>\n<\/tr>\n<tr style=\"height: 24px;\">\n<td style=\"height: 24px; width: 21.5935%;\"><strong>Data e Nisjes<\/strong><\/td>\n<td style=\"height: 24px; width: 77.4827%;\">18 Maj<\/td>\n<\/tr>\n<tr style=\"height: 24px;\">\n<td style=\"height: 24px; width: 21.5935%;\"><strong>Dite qendrimi<\/strong><\/td>\n<td style=\"height: 24px; width: 77.4827%;\">8 Dite<\/td>\n<\/tr>\n<tr style=\"height: 24px;\">\n<td style=\"height: 24px; width: 21.5935%;\"><strong>\u00c7mimi<\/strong><\/td>\n<td style=\"height: 24px; width: 77.4827%;\">\u00a01199 \u20ac<\/td>\n<\/tr>\n<tr style=\"height: 160px;\">\n<td style=\"height: 160px; width: 21.5935%;\"><strong>P\u00cbRFSHIHEN<\/strong><\/td>\n<td style=\"height: 160px; width: 77.4827%;\">\n<div>\n<div>\u2022 Bileta e Avionit Vajtje \u2013 Ardhje.<br \/>\n\u2022 Transfertat nga Aeroporti n\u00eb Hotel n\u00eb Dubai dhe n\u00eb Maldive dhe anasjelltas<br \/>\n\u2022 Akomodimi n\u00eb Hotel n\u00eb Dubai me M\u00ebngjeset n\u00eb Hotel.<br \/>\n\u2022 Akomodimi n\u00eb Hotel n\u00eb Phuket me All Inclusive n\u00eb Hotel.<br \/>\n\u2022 Sh\u00ebtitjet me Autobus sipas Programit.<br \/>\n\u2022 Shoq\u00ebrues n\u00eb shqip n\u00eb Dubai.<br \/>\n\u2022 Guida vendase n\u00eb disa Sh\u00ebtitje.<\/div>\n<\/div>\n<\/td>\n<\/tr>\n<tr style=\"height: 106px;\">\n<td style=\"height: 106px; width: 21.5935%;\"><b>NUK P\u00cbRFSHIHEN<\/b><\/td>\n<td style=\"height: 106px; width: 77.4827%;\">\n<table class=\"table table-bordered\" width=\"575\">\n<tbody>\n<tr>\n<td><i class=\"fa fa-times icon-tick icon-tick--off\"><\/i>\u00a0Gjith\u00e7ka q\u00eb nuk \u00ebsht\u00eb p\u00ebrmendur me siper.\n<p>&nbsp;<\/p><\/td>\n<\/tr>\n<\/tbody>\n<\/table>\n<\/td>\n<\/tr>\n<\/tbody>\n<\/table>\n<p>&nbsp;<\/p>\n","protected":false},"excerpt":{"rendered":"<p>Nisja \u00a0Tirane Data e Nisjes 18 Maj Dite qendrimi 8 Dite \u00c7mimi \u00a01199 \u20ac P\u00cbRFSHIHEN \u2022 Bileta e Avionit Vajtje \u2013 Ardhje. \u2022 Transfertat nga Aeroporti n\u00eb Hotel n\u00eb Dubai dhe n\u00eb Maldive dhe anasjelltas \u2022 Akomodimi n\u00eb Hotel n\u00eb Dubai me M\u00ebngjeset n\u00eb Hotel. \u2022 Akomodimi n\u00eb Hotel n\u00eb Phuket me All Inclusive n\u00eb<\/p>\n<div class=\"padding-top text-center\"><a href=\"https:\/\/travel-plus.al\/index.php\/tours\/dubai-dhe-phuket\/\" class=\"atbtn atbtn--medium atbtn--rounded atbtn--transparent\">Read more<i class=\"atbtn__icon atbtn__icon--right fa fa-long-arrow-right\"><\/i><\/a><\/div>\n","protected":false},"featured_media":621,"template":"","meta":[],"product_brand":[],"product_cat":[15],"product_tag":[],"class_list":{"0":"post-618","1":"product","2":"type-product","3":"status-publish","4":"has-post-thumbnail","6":"product_cat-uncategorized","7":"tour_category-all-inclusive","8":"tour_category-dubai","9":"tour_category-paketa-kulturore","10":"tour_category-phuket","11":"tour_category-thailand","12":"tour_category-udhetim","14":"first","15":"instock","16":"shipping-taxable","17":"purchasable","18":"product-type-tour"},"_links":{"self":[{"href":"https:\/\/travel-plus.al\/index.php\/wp-json\/wp\/v2\/product\/618","targetHints":{"allow":["GET"]}}],"collection":[{"href":"https:\/\/travel-plus.al\/index.php\/wp-json\/wp\/v2\/product"}],"about":[{"href":"https:\/\/travel-plus.al\/index.php\/wp-json\/wp\/v2\/types\/product"}],"wp:featuredmedia":[{"embeddable":true,"href":"https:\/\/travel-plus.al\/index.php\/wp-json\/wp\/v2\/media\/621"}],"wp:attachment":[{"href":"https:\/\/travel-plus.al\/index.php\/wp-json\/wp\/v2\/media?parent=618"}],"wp:term":[{"taxonomy":"product_brand","embeddable":true,"href":"https:\/\/travel-plus.al\/index.php\/wp-json\/wp\/v2\/product_brand?post=618"},{"taxonomy":"product_cat","embeddable":true,"href":"https:\/\/travel-plus.al\/index.php\/wp-json\/wp\/v2\/product_cat?post=618"},{"taxonomy":"product_tag","embeddable":true,"href":"https:\/\/travel-plus.al\/index.php\/wp-json\/wp\/v2\/product_tag?post=618"}],"curies":[{"name":"wp","href":"https:\/\/api.w.org\/{rel}","templated":true}]}}