{"id":613,"date":"2022-03-25T07:32:34","date_gmt":"2022-03-25T07:32:34","guid":{"rendered":"https:\/\/travel-plus.al\/?post_type=product&#038;p=613"},"modified":"2022-03-25T07:40:58","modified_gmt":"2022-03-25T07:40:58","slug":"udhetim-ne-cappadocia-dhe-stamboll","status":"publish","type":"product","link":"https:\/\/travel-plus.al\/index.php\/tours\/udhetim-ne-cappadocia-dhe-stamboll\/","title":{"rendered":"UDH\u00cbTIM N\u00cb CAPPADOCIA DHE STAMBOLL"},"content":{"rendered":"<table class=\"table table-bordered tours-tabs__table\" style=\"width: 117.271%; height: 362px;\" width=\"862\">\n<tbody>\n<tr style=\"height: 24px;\">\n<td style=\"height: 24px; width: 21.5935%;\"><strong>Nisja<\/strong><\/td>\n<td style=\"height: 24px; width: 77.4827%;\">\u00a0Tirane<\/td>\n<\/tr>\n<tr style=\"height: 24px;\">\n<td style=\"height: 24px; width: 21.5935%;\"><strong>Data e Nisjes<\/strong><\/td>\n<td style=\"height: 24px; width: 77.4827%;\">17 Prill<\/td>\n<\/tr>\n<tr style=\"height: 24px;\">\n<td style=\"height: 24px; width: 21.5935%;\"><strong>Dite qendrimi<\/strong><\/td>\n<td style=\"height: 24px; width: 77.4827%;\">3 Dite<\/td>\n<\/tr>\n<tr style=\"height: 24px;\">\n<td style=\"height: 24px; width: 21.5935%;\"><strong>\u00c7mimi<\/strong><\/td>\n<td style=\"height: 24px; width: 77.4827%;\">\u00a0359 \u20ac<\/td>\n<\/tr>\n<tr style=\"height: 160px;\">\n<td style=\"height: 160px; width: 21.5935%;\"><strong>P\u00cbRFSHIHEN<\/strong><\/td>\n<td style=\"height: 160px; width: 77.4827%;\">\n<div>&#8211; Fluturimi me avion vajtje \u2013 ardhje, Tiran\u00eb Stamboll &#8211; Kayseri -Stamboll &#8211; Tiran\u00eb.<\/div>\n<div>&#8211; Akomodimi n\u00eb Hotel Aspen 4* ne Stamboll dhe Hotel Dinler 5* n\u00eb Cappadocia.<\/div>\n<div>&#8211; M\u00ebngjeset dhe darkat sipas programit.\n<div>&#8211; Transfertat dhe Sh\u00ebtitjet me autobus<\/div>\n<div>&#8211; Shoq\u00ebrues shqiptar p\u00ebr t\u00eb gjith\u00eb dit\u00ebt e udhetimit<\/div>\n<\/div>\n<\/td>\n<\/tr>\n<tr style=\"height: 106px;\">\n<td style=\"height: 106px; width: 21.5935%;\"><b>NUK P\u00cbRFSHIHEN<\/b><\/td>\n<td style=\"height: 106px; width: 77.4827%;\">\n<table class=\"table table-bordered\" width=\"575\">\n<tbody>\n<tr>\n<td><i class=\"fa fa-times icon-tick icon-tick--off\"><\/i>\u00a0Gjith\u00e7ka q\u00eb nuk \u00ebsht\u00eb p\u00ebrmendur me siper.\n<p>&nbsp;<\/p><\/td>\n<\/tr>\n<\/tbody>\n<\/table>\n<\/td>\n<\/tr>\n<\/tbody>\n<\/table>\n<p>&nbsp;<\/p>\n","protected":false},"excerpt":{"rendered":"<p>Nisja \u00a0Tirane Data e Nisjes 17 Prill Dite qendrimi 3 Dite \u00c7mimi \u00a0359 \u20ac P\u00cbRFSHIHEN &#8211; Fluturimi me avion vajtje \u2013 ardhje, Tiran\u00eb Stamboll &#8211; Kayseri -Stamboll &#8211; Tiran\u00eb. &#8211; Akomodimi n\u00eb Hotel Aspen 4* ne Stamboll dhe Hotel Dinler 5* n\u00eb Cappadocia. &#8211; M\u00ebngjeset dhe darkat sipas programit. &#8211; Transfertat dhe Sh\u00ebtitjet me autobus<\/p>\n<div class=\"padding-top text-center\"><a href=\"https:\/\/travel-plus.al\/index.php\/tours\/udhetim-ne-cappadocia-dhe-stamboll\/\" class=\"atbtn atbtn--medium atbtn--rounded atbtn--transparent\">Read more<i class=\"atbtn__icon atbtn__icon--right fa fa-long-arrow-right\"><\/i><\/a><\/div>\n","protected":false},"featured_media":614,"template":"","meta":[],"product_brand":[],"product_cat":[15],"product_tag":[],"class_list":{"0":"post-613","1":"product","2":"type-product","3":"status-publish","4":"has-post-thumbnail","6":"product_cat-uncategorized","7":"tour_category-cappadocia","8":"tour_category-mengjes-dark","9":"tour_category-stamboll","10":"tour_category-turqi","11":"tour_category-udhetim","13":"first","14":"instock","15":"shipping-taxable","16":"purchasable","17":"product-type-tour"},"_links":{"self":[{"href":"https:\/\/travel-plus.al\/index.php\/wp-json\/wp\/v2\/product\/613","targetHints":{"allow":["GET"]}}],"collection":[{"href":"https:\/\/travel-plus.al\/index.php\/wp-json\/wp\/v2\/product"}],"about":[{"href":"https:\/\/travel-plus.al\/index.php\/wp-json\/wp\/v2\/types\/product"}],"wp:featuredmedia":[{"embeddable":true,"href":"https:\/\/travel-plus.al\/index.php\/wp-json\/wp\/v2\/media\/614"}],"wp:attachment":[{"href":"https:\/\/travel-plus.al\/index.php\/wp-json\/wp\/v2\/media?parent=613"}],"wp:term":[{"taxonomy":"product_brand","embeddable":true,"href":"https:\/\/travel-plus.al\/index.php\/wp-json\/wp\/v2\/product_brand?post=613"},{"taxonomy":"product_cat","embeddable":true,"href":"https:\/\/travel-plus.al\/index.php\/wp-json\/wp\/v2\/product_cat?post=613"},{"taxonomy":"product_tag","embeddable":true,"href":"https:\/\/travel-plus.al\/index.php\/wp-json\/wp\/v2\/product_tag?post=613"}],"curies":[{"name":"wp","href":"https:\/\/api.w.org\/{rel}","templated":true}]}}