{"id":608,"date":"2022-03-25T07:13:38","date_gmt":"2022-03-25T07:13:38","guid":{"rendered":"https:\/\/travel-plus.al\/?post_type=product&#038;p=608"},"modified":"2022-11-23T09:09:46","modified_gmt":"2022-11-23T09:09:46","slug":"vit-i-ri-ne-stamboll","status":"publish","type":"product","link":"https:\/\/travel-plus.al\/index.php\/tours\/vit-i-ri-ne-stamboll\/","title":{"rendered":"VITI I RI N\u00cb STAMBOLL ME AIR ALBANIA"},"content":{"rendered":"<table class=\"table table-bordered tours-tabs__table\" style=\"width: 117.271%; height: 362px;\" width=\"862\">\n<tbody>\n<tr style=\"height: 24px;\">\n<td style=\"height: 24px; width: 21.5935%;\"><strong>Nisja<\/strong><\/td>\n<td style=\"height: 24px; width: 77.4827%;\">\u00a0Tirane<\/td>\n<\/tr>\n<tr style=\"height: 24px;\">\n<td style=\"height: 24px; width: 21.5935%;\"><strong>Data e Nisjes<\/strong><\/td>\n<td style=\"height: 24px; width: 77.4827%;\">30 Dhjetor<\/td>\n<\/tr>\n<tr style=\"height: 24px;\">\n<td style=\"height: 24px; width: 21.5935%;\"><strong>Dite qendrimi<\/strong><\/td>\n<td style=\"height: 24px; width: 77.4827%;\">4 Dite<\/td>\n<\/tr>\n<tr style=\"height: 24px;\">\n<td style=\"height: 24px; width: 21.5935%;\"><strong>\u00c7mimi<\/strong><\/td>\n<td style=\"height: 24px; width: 77.4827%;\">\u00a0349 \u20ac<\/td>\n<\/tr>\n<tr style=\"height: 160px;\">\n<td style=\"height: 160px; width: 21.5935%;\"><strong>P\u00cbRFSHIHEN<\/strong><\/td>\n<td style=\"height: 160px; width: 77.4827%;\">-Bileta e avionit vajtje \u2013 ardhje. (Bagazhe t\u00eb plota 30 kg).<br \/>\n-Akomodimi n\u00eb hotel n\u00eb qend\u00ebr t\u00eb pjes\u00ebs Evropiane t\u00eb Stambollit<br \/>\n-M\u00ebngjeset p\u00ebr t\u00eb gjith\u00eb dit\u00ebt e q\u00ebndrimit.<br \/>\n-Sh\u00ebtitjet n\u00eb Stamboll me autobus (sipas programit)<br \/>\n-Shoq\u00ebrues dhe guid\u00eb shqiptare, p\u00ebr t\u00eb gjith\u00eb dit\u00ebt e q\u00ebndrimit<br \/>\n-Transfertat Aeroport \u2013 Hotel \u2013 Aeroport<\/td>\n<\/tr>\n<tr style=\"height: 106px;\">\n<td style=\"height: 106px; width: 21.5935%;\"><b>NUK P\u00cbRFSHIHEN<\/b><\/td>\n<td style=\"height: 106px; width: 77.4827%;\">\n<table class=\"table table-bordered\" width=\"575\">\n<tbody>\n<tr>\n<td><i class=\"fa fa-times icon-tick icon-tick--off\"><\/i>\u00a0Gjith\u00e7ka q\u00eb nuk \u00ebsht\u00eb p\u00ebrmendur me siper.\n<p>&nbsp;<\/p><\/td>\n<\/tr>\n<\/tbody>\n<\/table>\n<\/td>\n<\/tr>\n<\/tbody>\n<\/table>\n<p>&nbsp;<\/p>\n","protected":false},"excerpt":{"rendered":"<p>Nisja \u00a0Tirane Data e Nisjes 30 Dhjetor Dite qendrimi 4 Dite \u00c7mimi \u00a0349 \u20ac P\u00cbRFSHIHEN -Bileta e avionit vajtje \u2013 ardhje. (Bagazhe t\u00eb plota 30 kg). -Akomodimi n\u00eb hotel n\u00eb qend\u00ebr t\u00eb pjes\u00ebs Evropiane t\u00eb Stambollit -M\u00ebngjeset p\u00ebr t\u00eb gjith\u00eb dit\u00ebt e q\u00ebndrimit. -Sh\u00ebtitjet n\u00eb Stamboll me autobus (sipas programit) -Shoq\u00ebrues dhe guid\u00eb shqiptare, p\u00ebr<\/p>\n<div class=\"padding-top text-center\"><a href=\"https:\/\/travel-plus.al\/index.php\/tours\/vit-i-ri-ne-stamboll\/\" class=\"atbtn atbtn--medium atbtn--rounded atbtn--transparent\">Read more<i class=\"atbtn__icon atbtn__icon--right fa fa-long-arrow-right\"><\/i><\/a><\/div>\n","protected":false},"featured_media":611,"template":"","meta":[],"product_brand":[],"product_cat":[15],"product_tag":[],"class_list":{"0":"post-608","1":"product","2":"type-product","3":"status-publish","4":"has-post-thumbnail","6":"product_cat-uncategorized","7":"tour_category-mengjes","8":"tour_category-paketa-kulturore","9":"tour_category-stamboll","10":"tour_category-turqi","11":"tour_category-udhetim","12":"tour_category-vit-i-ri","14":"first","15":"instock","16":"shipping-taxable","17":"purchasable","18":"product-type-tour"},"_links":{"self":[{"href":"https:\/\/travel-plus.al\/index.php\/wp-json\/wp\/v2\/product\/608","targetHints":{"allow":["GET"]}}],"collection":[{"href":"https:\/\/travel-plus.al\/index.php\/wp-json\/wp\/v2\/product"}],"about":[{"href":"https:\/\/travel-plus.al\/index.php\/wp-json\/wp\/v2\/types\/product"}],"wp:featuredmedia":[{"embeddable":true,"href":"https:\/\/travel-plus.al\/index.php\/wp-json\/wp\/v2\/media\/611"}],"wp:attachment":[{"href":"https:\/\/travel-plus.al\/index.php\/wp-json\/wp\/v2\/media?parent=608"}],"wp:term":[{"taxonomy":"product_brand","embeddable":true,"href":"https:\/\/travel-plus.al\/index.php\/wp-json\/wp\/v2\/product_brand?post=608"},{"taxonomy":"product_cat","embeddable":true,"href":"https:\/\/travel-plus.al\/index.php\/wp-json\/wp\/v2\/product_cat?post=608"},{"taxonomy":"product_tag","embeddable":true,"href":"https:\/\/travel-plus.al\/index.php\/wp-json\/wp\/v2\/product_tag?post=608"}],"curies":[{"name":"wp","href":"https:\/\/api.w.org\/{rel}","templated":true}]}}