{"id":37,"date":"2020-03-16T09:55:40","date_gmt":"2020-03-16T09:55:40","guid":{"rendered":"https:\/\/new.travel-plus.al\/?page_id=37"},"modified":"2020-03-20T16:18:28","modified_gmt":"2020-03-20T16:18:28","slug":"makina-me-qera","status":"publish","type":"page","link":"https:\/\/travel-plus.al\/index.php\/makina-me-qera\/","title":{"rendered":"MAKINA ME QERA"},"content":{"rendered":"<div class=\"wpb-content-wrapper\"><p>[vc_row gap=&#8221;20&#8243; css=&#8221;.vc_custom_1584720632428{background-color: #f4f4f4 !important;}&#8221;][vc_column width=&#8221;1\/4&#8243; css=&#8221;.vc_custom_1584720507469{background-color: #ffffff !important;}&#8221;][vc_single_image image=&#8221;400&#8243; img_size=&#8221;full&#8221; alignment=&#8221;center&#8221; onclick=&#8221;link_image&#8221;][vc_custom_heading text=&#8221;Ford Fusion&#8221; font_container=&#8221;tag:h2|font_size:12|text_align:center|color:%23333333&#8243; google_fonts=&#8221;font_family:Oxygen%3A300%2Cregular%2C700|font_style:700%20bold%20regular%3A700%3Anormal&#8221; css=&#8221;.vc_custom_1584720649242{margin-top: -30px !important;border-bottom-width: 2px !important;background-color: #ffffff !important;border-bottom-color: #23a7e0 !important;border-bottom-style: solid !important;}&#8221;][\/vc_column][vc_column width=&#8221;1\/4&#8243; css=&#8221;.vc_custom_1584720527968{background-color: #ffffff !important;}&#8221;][vc_column_text]<\/p>\n<table style=\"border-collapse: collapse; width: 100%; height: 192px;\">\n<tbody>\n<tr style=\"height: 24px;\">\n<td style=\"width: 50%; height: 24px;\">Viti I Prodhimit :<\/td>\n<td style=\"width: 49.8208%; height: 24px;\">2006<\/td>\n<\/tr>\n<tr style=\"height: 24px;\">\n<td style=\"width: 50%; height: 24px;\">Kambio:<\/td>\n<td style=\"width: 49.8208%; height: 24px;\">Manuale<\/td>\n<\/tr>\n<tr style=\"height: 24px;\">\n<td style=\"width: 50%; height: 24px;\">Limit Kilometrash<\/td>\n<td style=\"width: 49.8208%; height: 24px;\"><\/td>\n<\/tr>\n<tr style=\"height: 24px;\">\n<td style=\"width: 50%; height: 24px;\"><strong>Periudha<\/strong><\/td>\n<td style=\"width: 49.8208%; height: 24px;\"><strong>Cmimi\u00a0<\/strong><\/td>\n<\/tr>\n<tr style=\"height: 24px;\">\n<td style=\"width: 50%; height: 24px;\">1-6 days<\/td>\n<td style=\"width: 49.8208%;\">34\u00a0\u20ac<\/td>\n<\/tr>\n<tr style=\"height: 24px;\">\n<td style=\"width: 50%; height: 24px;\">7-14 days<\/td>\n<td style=\"width: 49.8208%;\">30\u00a0\u20ac<\/td>\n<\/tr>\n<tr style=\"height: 24px;\">\n<td style=\"width: 50%; height: 24px;\">15-29 days<\/td>\n<td style=\"width: 49.8208%;\">27\u00a0\u20ac<\/td>\n<\/tr>\n<tr style=\"height: 24px;\">\n<td style=\"width: 50%; height: 24px;\">30 + days<\/td>\n<td style=\"width: 49.8208%;\">21 \u20ac<\/td>\n<\/tr>\n<\/tbody>\n<\/table>\n<p>[\/vc_column_text][\/vc_column][vc_column width=&#8221;1\/4&#8243;][vc_single_image image=&#8221;402&#8243; img_size=&#8221;full&#8221; alignment=&#8221;center&#8221; onclick=&#8221;link_image&#8221;][vc_custom_heading text=&#8221;FORD C-MAX&#8221; font_container=&#8221;tag:h2|font_size:12|text_align:center|color:%23333333&#8243; google_fonts=&#8221;font_family:Oxygen%3A300%2Cregular%2C700|font_style:700%20bold%20regular%3A700%3Anormal&#8221; css=&#8221;.vc_custom_1584720722592{margin-top: -30px !important;border-bottom-width: 2px !important;background-color: #ffffff !important;border-bottom-color: #23a7e0 !important;border-bottom-style: solid !important;}&#8221;][\/vc_column][vc_column width=&#8221;1\/4&#8243; css=&#8221;.vc_custom_1584720962330{background-color: #ffffff !important;}&#8221;][vc_column_text]<\/p>\n<table style=\"border-collapse: collapse; width: 100%; height: 192px;\">\n<tbody>\n<tr style=\"height: 24px;\">\n<td style=\"width: 50%; height: 24px;\">Viti I Prodhimit :<\/td>\n<td style=\"width: 49.8208%; height: 24px;\">2005<\/td>\n<\/tr>\n<tr style=\"height: 24px;\">\n<td style=\"width: 50%; height: 24px;\">Kambio:<\/td>\n<td style=\"width: 49.8208%; height: 24px;\">&#8211;<\/td>\n<\/tr>\n<tr style=\"height: 24px;\">\n<td style=\"width: 50%; height: 24px;\">Limit Kilometrash<\/td>\n<td style=\"width: 49.8208%; height: 24px;\">&#8211;<\/td>\n<\/tr>\n<tr style=\"height: 24px;\">\n<td style=\"width: 50%; height: 24px;\"><strong>Periudha<\/strong><\/td>\n<td style=\"width: 49.8208%; height: 24px;\"><strong>Cmimi\u00a0<\/strong><\/td>\n<\/tr>\n<tr style=\"height: 24px;\">\n<td style=\"width: 50%; height: 24px;\">1-6 days<\/td>\n<td style=\"width: 49.8208%; height: 24px;\">&#8211;<\/td>\n<\/tr>\n<tr style=\"height: 24px;\">\n<td style=\"width: 50%; height: 24px;\">7-14 days<\/td>\n<td style=\"width: 49.8208%; height: 24px;\">&#8211;<\/td>\n<\/tr>\n<tr style=\"height: 24px;\">\n<td style=\"width: 50%; height: 24px;\">15-29 days<\/td>\n<td style=\"width: 49.8208%; height: 24px;\">&#8211;<\/td>\n<\/tr>\n<tr style=\"height: 24px;\">\n<td style=\"width: 50%; height: 24px;\">30 + days<\/td>\n<td style=\"width: 49.8208%; height: 24px;\">&#8211;<\/td>\n<\/tr>\n<\/tbody>\n<\/table>\n<p>[\/vc_column_text][\/vc_column][\/vc_row][vc_row gap=&#8221;20&#8243; css=&#8221;.vc_custom_1584720632428{background-color: #f4f4f4 !important;}&#8221;][vc_column width=&#8221;1\/4&#8243; css=&#8221;.vc_custom_1584720507469{background-color: #ffffff !important;}&#8221;][vc_single_image image=&#8221;403&#8243; img_size=&#8221;full&#8221; alignment=&#8221;center&#8221; onclick=&#8221;link_image&#8221;][vc_custom_heading text=&#8221;Skoda Yeti&#8221; font_container=&#8221;tag:h2|font_size:12|text_align:center|color:%23333333&#8243; google_fonts=&#8221;font_family:Oxygen%3A300%2Cregular%2C700|font_style:700%20bold%20regular%3A700%3Anormal&#8221; css=&#8221;.vc_custom_1584720795378{margin-top: -30px !important;border-bottom-width: 2px !important;background-color: #ffffff !important;border-bottom-color: #23a7e0 !important;border-bottom-style: solid !important;}&#8221;][\/vc_column][vc_column width=&#8221;1\/4&#8243; css=&#8221;.vc_custom_1584720527968{background-color: #ffffff !important;}&#8221;][vc_column_text]<\/p>\n<table style=\"border-collapse: collapse; width: 100%; height: 192px;\">\n<tbody>\n<tr style=\"height: 24px;\">\n<td style=\"width: 50%; height: 24px;\">Viti I Prodhimit :<\/td>\n<td style=\"width: 49.8208%; height: 24px;\">2015<\/td>\n<\/tr>\n<tr style=\"height: 24px;\">\n<td style=\"width: 50%; height: 24px;\">Kambio:<\/td>\n<td style=\"width: 49.8208%; height: 24px;\">Automatike<\/td>\n<\/tr>\n<tr style=\"height: 24px;\">\n<td style=\"width: 50%; height: 24px;\">Limit Kilometrash<\/td>\n<td style=\"width: 49.8208%; height: 24px;\"><\/td>\n<\/tr>\n<tr style=\"height: 24px;\">\n<td style=\"width: 50%; height: 24px;\"><strong>Periudha<\/strong><\/td>\n<td style=\"width: 49.8208%; height: 24px;\"><strong>Cmimi\u00a0<\/strong><\/td>\n<\/tr>\n<tr style=\"height: 24px;\">\n<td style=\"width: 50%; height: 24px;\">1-6 days<\/td>\n<td style=\"width: 49.8208%; height: 24px;\">&#8211;<\/td>\n<\/tr>\n<tr style=\"height: 24px;\">\n<td style=\"width: 50%; height: 24px;\">7-14 days<\/td>\n<td style=\"width: 49.8208%; height: 24px;\">&#8211;<\/td>\n<\/tr>\n<tr style=\"height: 24px;\">\n<td style=\"width: 50%; height: 24px;\">15-29 days<\/td>\n<td style=\"width: 49.8208%; height: 24px;\">&#8211;<\/td>\n<\/tr>\n<tr style=\"height: 24px;\">\n<td style=\"width: 50%; height: 24px;\">30 + days<\/td>\n<td style=\"width: 49.8208%; height: 24px;\">&#8211;<\/td>\n<\/tr>\n<\/tbody>\n<\/table>\n<p>[\/vc_column_text][\/vc_column][vc_column width=&#8221;1\/4&#8243;][vc_single_image image=&#8221;404&#8243; img_size=&#8221;full&#8221; alignment=&#8221;center&#8221; onclick=&#8221;link_image&#8221;][vc_custom_heading text=&#8221;Hyundai&#8221; font_container=&#8221;tag:h2|font_size:12|text_align:center|color:%23333333&#8243; google_fonts=&#8221;font_family:Oxygen%3A300%2Cregular%2C700|font_style:700%20bold%20regular%3A700%3Anormal&#8221; css=&#8221;.vc_custom_1584720881247{margin-top: -30px !important;border-bottom-width: 2px !important;background-color: #ffffff !important;border-bottom-color: #23a7e0 !important;border-bottom-style: solid !important;}&#8221;][\/vc_column][vc_column width=&#8221;1\/4&#8243; css=&#8221;.vc_custom_1584720956229{background-color: #ffffff !important;}&#8221;][vc_column_text]<\/p>\n<table style=\"border-collapse: collapse; width: 100%; height: 192px;\">\n<tbody>\n<tr style=\"height: 24px;\">\n<td style=\"width: 50%; height: 24px;\">Viti I Prodhimit :<\/td>\n<td style=\"width: 49.8208%; height: 24px;\">&#8211;<\/td>\n<\/tr>\n<tr style=\"height: 24px;\">\n<td style=\"width: 50%; height: 24px;\">Kambio:<\/td>\n<td style=\"width: 49.8208%; height: 24px;\">Automatike<\/td>\n<\/tr>\n<tr style=\"height: 24px;\">\n<td style=\"width: 50%; height: 24px;\">Limit Kilometrash<\/td>\n<td style=\"width: 49.8208%; height: 24px;\">&#8211;<\/td>\n<\/tr>\n<tr style=\"height: 24px;\">\n<td style=\"width: 50%; height: 24px;\"><strong>Periudha<\/strong><\/td>\n<td style=\"width: 49.8208%; height: 24px;\"><strong>Cmimi\u00a0<\/strong><\/td>\n<\/tr>\n<tr style=\"height: 24px;\">\n<td style=\"width: 50%; height: 24px;\">1-6 days<\/td>\n<td style=\"width: 49.8208%; height: 24px;\">&#8211;<\/td>\n<\/tr>\n<tr style=\"height: 24px;\">\n<td style=\"width: 50%; height: 24px;\">7-14 days<\/td>\n<td style=\"width: 49.8208%; height: 24px;\">&#8211;<\/td>\n<\/tr>\n<tr style=\"height: 24px;\">\n<td style=\"width: 50%; height: 24px;\">15-29 days<\/td>\n<td style=\"width: 49.8208%; height: 24px;\">&#8211;<\/td>\n<\/tr>\n<tr style=\"height: 24px;\">\n<td style=\"width: 50%; height: 24px;\">30 + days<\/td>\n<td style=\"width: 49.8208%; height: 24px;\">&#8211;<\/td>\n<\/tr>\n<\/tbody>\n<\/table>\n<p>[\/vc_column_text][\/vc_column][\/vc_row][vc_row css=&#8221;.vc_custom_1584720914778{background-color: #f4f4f4 !important;}&#8221;][vc_column width=&#8221;5\/6&#8243; css=&#8221;.vc_custom_1584721022813{background-color: #ffffff !important;}&#8221;][vc_column_text]<\/p>\n<div class=\"wpb_text_column wpb_content_element vc_custom_1465814212911\">\n<div class=\"wpb_wrapper\">\n<h1><span style=\"color: #000000;\">Na kontaktoni p\u00ebr m\u00eb shum\u00eb informacion!<\/span><\/h1>\n<\/div>\n<\/div>\n<p>[\/vc_column_text][\/vc_column][vc_column width=&#8221;1\/6&#8243; css=&#8221;.vc_custom_1584721038942{background-color: #ffffff !important;}&#8221;][vc_btn title=&#8221;Kontakto&#8221; align=&#8221;left&#8221;][\/vc_column][\/vc_row]<\/p>\n<\/div>","protected":false},"excerpt":{"rendered":"<p>[vc_row gap=&#8221;20&#8243; css=&#8221;.vc_custom_1584720632428{background-color: #f4f4f4 !important;}&#8221;][vc_column width=&#8221;1\/4&#8243; css=&#8221;.vc_custom_1584720507469{background-color: #ffffff !important;}&#8221;][vc_single_image image=&#8221;400&#8243; img_size=&#8221;full&#8221; alignment=&#8221;center&#8221; onclick=&#8221;link_image&#8221;][vc_custom_heading text=&#8221;Ford Fusion&#8221; font_container=&#8221;tag:h2|font_size:12|text_align:center|color:%23333333&#8243; google_fonts=&#8221;font_family:Oxygen%3A300%2Cregular%2C700|font_style:700%20bold%20regular%3A700%3Anormal&#8221; css=&#8221;.vc_custom_1584720649242{margin-top: -30px !important;border-bottom-width: 2px !important;background-color: #ffffff !important;border-bottom-color: #23a7e0 !important;border-bottom-style: solid !important;}&#8221;][\/vc_column][vc_column width=&#8221;1\/4&#8243; css=&#8221;.vc_custom_1584720527968{background-color: #ffffff !important;}&#8221;][vc_column_text] Viti I Prodhimit : 2006 Kambio: Manuale Limit Kilometrash Periudha Cmimi\u00a0 1-6 days 34\u00a0\u20ac 7-14 days 30\u00a0\u20ac 15-29 days 27\u00a0\u20ac 30 + days<\/p>\n<div class=\"padding-top text-center\"><a href=\"https:\/\/travel-plus.al\/index.php\/makina-me-qera\/\" class=\"atbtn atbtn--medium atbtn--rounded atbtn--transparent\">Read more<i class=\"atbtn__icon atbtn__icon--right fa fa-long-arrow-right\"><\/i><\/a><\/div>\n","protected":false},"author":1,"featured_media":0,"parent":0,"menu_order":0,"comment_status":"closed","ping_status":"closed","template":"","meta":{"footnotes":""},"class_list":["post-37","page","type-page","status-publish","hentry"],"_links":{"self":[{"href":"https:\/\/travel-plus.al\/index.php\/wp-json\/wp\/v2\/pages\/37","targetHints":{"allow":["GET"]}}],"collection":[{"href":"https:\/\/travel-plus.al\/index.php\/wp-json\/wp\/v2\/pages"}],"about":[{"href":"https:\/\/travel-plus.al\/index.php\/wp-json\/wp\/v2\/types\/page"}],"author":[{"embeddable":true,"href":"https:\/\/travel-plus.al\/index.php\/wp-json\/wp\/v2\/users\/1"}],"replies":[{"embeddable":true,"href":"https:\/\/travel-plus.al\/index.php\/wp-json\/wp\/v2\/comments?post=37"}],"version-history":[{"count":3,"href":"https:\/\/travel-plus.al\/index.php\/wp-json\/wp\/v2\/pages\/37\/revisions"}],"predecessor-version":[{"id":405,"href":"https:\/\/travel-plus.al\/index.php\/wp-json\/wp\/v2\/pages\/37\/revisions\/405"}],"wp:attachment":[{"href":"https:\/\/travel-plus.al\/index.php\/wp-json\/wp\/v2\/media?parent=37"}],"curies":[{"name":"wp","href":"https:\/\/api.w.org\/{rel}","templated":true}]}}