{"id":18,"date":"2020-03-16T09:53:31","date_gmt":"2020-03-16T09:53:31","guid":{"rendered":"https:\/\/new.travel-plus.al\/?page_id=18"},"modified":"2020-03-16T15:21:06","modified_gmt":"2020-03-16T15:21:06","slug":"rreth-nesh","status":"publish","type":"page","link":"https:\/\/travel-plus.al\/index.php\/rreth-nesh\/","title":{"rendered":"RRETH NESH"},"content":{"rendered":"<div class=\"wpb-content-wrapper\"><p>[vc_row][vc_column width=&#8221;1\/2&#8243;][vc_custom_heading text=&#8221;Rreth Nesh&#8221; font_container=&#8221;tag:h2|text_align:left|color:%23333333&#8243; google_fonts=&#8221;font_family:Montserrat%3Aregular%2C700|font_style:400%20regular%3A400%3Anormal&#8221;][vc_custom_heading text=&#8221;Travel Plus operon n\u00eb fush\u00ebn e turizmit prej 9 vitesh.<\/p>\n<p>&#8221; font_container=&#8221;tag:p|text_align:left|color:%23333333&#8243; google_fonts=&#8221;font_family:Oxygen%3A300%2Cregular%2C700|font_style:700%20bold%20regular%3A700%3Anormal&#8221;][vc_custom_heading text=&#8221;Gjat\u00eb viteve tona n\u00eb tregun e agjensive turistike kemi kuptuar q\u00eb klienti \u00ebsht\u00eb pjes\u00eb e pandashme e sh\u00ebrbimit ton\u00eb.<\/p>\n<p>&#8221; font_container=&#8221;tag:p|text_align:left|color:%23333333&#8243; google_fonts=&#8221;font_family:Oxygen%3A300%2Cregular%2C700|font_style:700%20bold%20regular%3A700%3Anormal&#8221;][vc_custom_heading text=&#8221;P\u00ebr k\u00ebt\u00eb arsye jemi mundur q\u00eb gjithmon\u00eb t\u00eb jemi nj\u00eb kompani e cila tregon seriozitet p\u00ebrkushtim dhe korrektesi n\u00eb sh\u00ebrbimin q\u00eb ofrojme. Nje klient i gezuar eshte frymezimi qe puna e suksesshme te vashdoj edhe me tej \u2026<\/p>\n<p>&#8221; font_container=&#8221;tag:p|text_align:left|color:%23333333&#8243; google_fonts=&#8221;font_family:Oxygen%3A300%2Cregular%2C700|font_style:400%20regular%3A400%3Anormal&#8221;][vc_custom_heading text=&#8221;DESHIRAT E KLIENTEVE TANE JANE OBLIGIMI YNE<\/p>\n<p>&#8221; font_container=&#8221;tag:p|text_align:left|color:%23333333&#8243; google_fonts=&#8221;font_family:Oxygen%3A300%2Cregular%2C700|font_style:400%20regular%3A400%3Anormal&#8221;][vc_row_inner][vc_column_inner width=&#8221;1\/2&#8243;][vc_single_image image=&#8221;85&#8243; img_size=&#8221;full&#8221; alignment=&#8221;center&#8221;][vc_custom_heading text=&#8221;Udh\u00ebtim n\u00eb grup p\u00ebr ski&#8221; font_container=&#8221;tag:p|text_align:center|color:%23333333&#8243; google_fonts=&#8221;font_family:Exo%3A100%2C100italic%2C200%2C200italic%2C300%2C300italic%2Cregular%2Citalic%2C500%2C500italic%2C600%2C600italic%2C700%2C700italic%2C800%2C800italic%2C900%2C900italic|font_style:600%20bold%20italic%3A600%3Aitalic&#8221;][\/vc_column_inner][vc_column_inner width=&#8221;1\/2&#8243;][vc_single_image image=&#8221;86&#8243; img_size=&#8221;full&#8221; alignment=&#8221;center&#8221;][vc_custom_heading text=&#8221;Panair&#8221; font_container=&#8221;tag:p|text_align:center|color:%23333333&#8243; google_fonts=&#8221;font_family:Exo%3A100%2C100italic%2C200%2C200italic%2C300%2C300italic%2Cregular%2Citalic%2C500%2C500italic%2C600%2C600italic%2C700%2C700italic%2C800%2C800italic%2C900%2C900italic|font_style:600%20bold%20italic%3A600%3Aitalic&#8221;][\/vc_column_inner][\/vc_row_inner][vc_empty_space][vc_custom_heading text=&#8221;Udhetoni me lire me Travel Plus<br \/>\n&#8221; font_container=&#8221;tag:p|font_size:20|text_align:left|color:%23333333&#8243; google_fonts=&#8221;font_family:Exo%3A100%2C100italic%2C200%2C200italic%2C300%2C300italic%2Cregular%2Citalic%2C500%2C500italic%2C600%2C600italic%2C700%2C700italic%2C800%2C800italic%2C900%2C900italic|font_style:600%20bold%20italic%3A600%3Aitalic&#8221;][\/vc_column][vc_column width=&#8221;1\/2&#8243;][vc_tta_tour][vc_tta_section title=&#8221;Section 1&#8243; tab_id=&#8221;1584371746293-466295c8-6ec0&#8243;][vc_single_image image=&#8221;86&#8243; img_size=&#8221;full&#8221; alignment=&#8221;center&#8221; style=&#8221;vc_box_shadow&#8221;][\/vc_tta_section][vc_tta_section title=&#8221;Section 2&#8243; tab_id=&#8221;1584371746320-66c22e71-8038&#8243;][vc_single_image image=&#8221;87&#8243; img_size=&#8221;full&#8221; alignment=&#8221;center&#8221; style=&#8221;vc_box_shadow&#8221;][\/vc_tta_section][vc_tta_section title=&#8221;Section&#8221; tab_id=&#8221;1584371824455-9283781e-e1f8&#8243;][vc_single_image image=&#8221;88&#8243; img_size=&#8221;full&#8221; alignment=&#8221;center&#8221;][\/vc_tta_section][\/vc_tta_tour][\/vc_column][\/vc_row]<\/p>\n<\/div>","protected":false},"excerpt":{"rendered":"<p>[vc_row][vc_column width=&#8221;1\/2&#8243;][vc_custom_heading text=&#8221;Rreth Nesh&#8221; font_container=&#8221;tag:h2|text_align:left|color:%23333333&#8243; google_fonts=&#8221;font_family:Montserrat%3Aregular%2C700|font_style:400%20regular%3A400%3Anormal&#8221;][vc_custom_heading text=&#8221;Travel Plus operon n\u00eb fush\u00ebn e turizmit prej 9 vitesh. &#8221; font_container=&#8221;tag:p|text_align:left|color:%23333333&#8243; google_fonts=&#8221;font_family:Oxygen%3A300%2Cregular%2C700|font_style:700%20bold%20regular%3A700%3Anormal&#8221;][vc_custom_heading text=&#8221;Gjat\u00eb viteve tona n\u00eb tregun e agjensive turistike kemi kuptuar q\u00eb klienti \u00ebsht\u00eb pjes\u00eb e pandashme e sh\u00ebrbimit ton\u00eb. &#8221; font_container=&#8221;tag:p|text_align:left|color:%23333333&#8243; google_fonts=&#8221;font_family:Oxygen%3A300%2Cregular%2C700|font_style:700%20bold%20regular%3A700%3Anormal&#8221;][vc_custom_heading text=&#8221;P\u00ebr k\u00ebt\u00eb arsye jemi mundur q\u00eb gjithmon\u00eb t\u00eb jemi nj\u00eb kompani e cila tregon<\/p>\n<div class=\"padding-top text-center\"><a href=\"https:\/\/travel-plus.al\/index.php\/rreth-nesh\/\" class=\"atbtn atbtn--medium atbtn--rounded atbtn--transparent\">Read more<i class=\"atbtn__icon atbtn__icon--right fa fa-long-arrow-right\"><\/i><\/a><\/div>\n","protected":false},"author":1,"featured_media":0,"parent":0,"menu_order":0,"comment_status":"closed","ping_status":"closed","template":"","meta":{"footnotes":""},"class_list":["post-18","page","type-page","status-publish","hentry"],"_links":{"self":[{"href":"https:\/\/travel-plus.al\/index.php\/wp-json\/wp\/v2\/pages\/18","targetHints":{"allow":["GET"]}}],"collection":[{"href":"https:\/\/travel-plus.al\/index.php\/wp-json\/wp\/v2\/pages"}],"about":[{"href":"https:\/\/travel-plus.al\/index.php\/wp-json\/wp\/v2\/types\/page"}],"author":[{"embeddable":true,"href":"https:\/\/travel-plus.al\/index.php\/wp-json\/wp\/v2\/users\/1"}],"replies":[{"embeddable":true,"href":"https:\/\/travel-plus.al\/index.php\/wp-json\/wp\/v2\/comments?post=18"}],"version-history":[{"count":3,"href":"https:\/\/travel-plus.al\/index.php\/wp-json\/wp\/v2\/pages\/18\/revisions"}],"predecessor-version":[{"id":89,"href":"https:\/\/travel-plus.al\/index.php\/wp-json\/wp\/v2\/pages\/18\/revisions\/89"}],"wp:attachment":[{"href":"https:\/\/travel-plus.al\/index.php\/wp-json\/wp\/v2\/media?parent=18"}],"curies":[{"name":"wp","href":"https:\/\/api.w.org\/{rel}","templated":true}]}}